{"id":2100,"date":"2022-04-19T11:25:40","date_gmt":"2022-04-19T09:25:40","guid":{"rendered":"https:\/\/loamics.com\/?page_id=2100"},"modified":"2022-06-07T15:12:13","modified_gmt":"2022-06-07T13:12:13","slug":"lanalyse-des-donnees-pour-les-territoires-intelligents","status":"publish","type":"page","link":"https:\/\/loamics.com\/fr\/lanalyse-des-donnees-pour-les-territoires-intelligents\/","title":{"rendered":"L&rsquo;analyse des donn\u00e9es pour les smart cities"},"content":{"rendered":"<p>Ces derni\u00e8res ann\u00e9es, l&rsquo;int\u00e9r\u00eat pour les villes intelligentes n&rsquo;a cess\u00e9 de cro\u00eetre. Le r\u00e9chauffement climatique et la crise pand\u00e9mique valident l&rsquo;id\u00e9e qu&rsquo;il est temps de d\u00e9velopper des lieux de vie durables avec l&rsquo;aide de la technologie. Ils doivent \u00eatre r\u00e9silients face aux pressions du climat et disponibles pour les habitants. Smart Cities et Big Data sont intimement li\u00e9s car l&rsquo;un ne peut fonctionner sans l&rsquo;autre. Il s&rsquo;agit d&rsquo;interconnecter tous les syst\u00e8mes num\u00e9riques de la ville intelligente et d&rsquo;utiliser les donn\u00e9es collect\u00e9es pour faciliter la vie des citoyens. Le Big Data associ\u00e9 aux Smart Cities doit \u00e9galement permettre d&rsquo;\u00e9lever le niveau de s\u00e9curit\u00e9, de faciliter les transports et de fournir des services de meilleure qualit\u00e9. Avec LOAMICS-Suite totale, il est possible de collecter, stocker et traiter efficacement la donn\u00e9e, en temps r\u00e9el, dans les datalakes issus du Big Data des Smart Cities.<\/p>\n","protected":false},"excerpt":{"rendered":"<p>Ces derni\u00e8res ann\u00e9es, l&rsquo;int\u00e9r\u00eat pour les villes intelligentes n&rsquo;a cess\u00e9 de cro\u00eetre. Le r\u00e9chauffement climatique et la crise pand\u00e9mique valident l&rsquo;id\u00e9e qu&rsquo;il est temps de d\u00e9velopper des lieux de vie durables avec l&rsquo;aide de la technologie. Ils doivent \u00eatre r\u00e9silients face aux pressions du climat et disponibles pour les habitants. Smart Cities et Big Data [&hellip;]<\/p>\n","protected":false},"author":7,"featured_media":0,"parent":0,"menu_order":0,"comment_status":"closed","ping_status":"closed","template":"template-flexible.php","meta":{"_acf_changed":false,"content-type":"","footnotes":""},"class_list":["post-2100","page","type-page","status-publish","hentry"],"acf":[],"yoast_head":"<!-- This site is optimized with the Yoast SEO plugin v27.5 - https:\/\/yoast.com\/product\/yoast-seo-wordpress\/ -->\n<title>L&#039;analyse des donn\u00e9es pour les smart cities - Loamics<\/title>\n<meta name=\"description\" content=\"L\u2019analyse des donn\u00e9es des smart cities garantit la libre circulation des informations produites par l\u2019IoT du village mondial de demain.\" \/>\n<meta name=\"robots\" content=\"index, follow, max-snippet:-1, max-image-preview:large, max-video-preview:-1\" \/>\n<link rel=\"canonical\" href=\"https:\/\/loamics.com\/fr\/lanalyse-des-donnees-pour-les-territoires-intelligents\/\" \/>\n<meta property=\"og:locale\" content=\"fr_FR\" \/>\n<meta property=\"og:type\" content=\"article\" \/>\n<meta property=\"og:title\" content=\"L&#039;analyse des donn\u00e9es pour les smart cities - Loamics\" \/>\n<meta property=\"og:description\" content=\"L\u2019analyse des donn\u00e9es des smart cities garantit la libre circulation des informations produites par l\u2019IoT du village mondial de demain.\" \/>\n<meta property=\"og:url\" content=\"https:\/\/loamics.com\/fr\/lanalyse-des-donnees-pour-les-territoires-intelligents\/\" \/>\n<meta property=\"og:site_name\" content=\"Loamics\" \/>\n<meta property=\"article:modified_time\" content=\"2022-06-07T13:12:13+00:00\" \/>\n<meta name=\"twitter:card\" content=\"summary_large_image\" \/>\n<meta name=\"twitter:label1\" content=\"Dur\u00e9e de lecture estim\u00e9e\" \/>\n\t<meta name=\"twitter:data1\" content=\"1 minute\" \/>\n<script type=\"application\/ld+json\" class=\"yoast-schema-graph\">{\"@context\":\"https:\\\/\\\/schema.org\",\"@graph\":[{\"@type\":\"WebPage\",\"@id\":\"https:\\\/\\\/loamics.com\\\/fr\\\/lanalyse-des-donnees-pour-les-territoires-intelligents\\\/\",\"url\":\"https:\\\/\\\/loamics.com\\\/fr\\\/lanalyse-des-donnees-pour-les-territoires-intelligents\\\/\",\"name\":\"L'analyse des donn\u00e9es pour les smart cities - Loamics\",\"isPartOf\":{\"@id\":\"https:\\\/\\\/loamics.com\\\/fr\\\/#website\"},\"datePublished\":\"2022-04-19T09:25:40+00:00\",\"dateModified\":\"2022-06-07T13:12:13+00:00\",\"description\":\"L\u2019analyse des donn\u00e9es des smart cities garantit la libre circulation des informations produites par l\u2019IoT du village mondial de demain.\",\"inLanguage\":\"fr-FR\",\"potentialAction\":[{\"@type\":\"ReadAction\",\"target\":[\"https:\\\/\\\/loamics.com\\\/fr\\\/lanalyse-des-donnees-pour-les-territoires-intelligents\\\/\"]}]},{\"@type\":\"WebSite\",\"@id\":\"https:\\\/\\\/loamics.com\\\/fr\\\/#website\",\"url\":\"https:\\\/\\\/loamics.com\\\/fr\\\/\",\"name\":\"Loamics\",\"description\":\"Serving humanking through data\",\"potentialAction\":[{\"@type\":\"SearchAction\",\"target\":{\"@type\":\"EntryPoint\",\"urlTemplate\":\"https:\\\/\\\/loamics.com\\\/fr\\\/?s={search_term_string}\"},\"query-input\":{\"@type\":\"PropertyValueSpecification\",\"valueRequired\":true,\"valueName\":\"search_term_string\"}}],\"inLanguage\":\"fr-FR\"}]}<\/script>\n<!-- \/ Yoast SEO plugin. -->","yoast_head_json":{"title":"L'analyse des donn\u00e9es pour les smart cities - Loamics","description":"L\u2019analyse des donn\u00e9es des smart cities garantit la libre circulation des informations produites par l\u2019IoT du village mondial de demain.","robots":{"index":"index","follow":"follow","max-snippet":"max-snippet:-1","max-image-preview":"max-image-preview:large","max-video-preview":"max-video-preview:-1"},"canonical":"https:\/\/loamics.com\/fr\/lanalyse-des-donnees-pour-les-territoires-intelligents\/","og_locale":"fr_FR","og_type":"article","og_title":"L'analyse des donn\u00e9es pour les smart cities - Loamics","og_description":"L\u2019analyse des donn\u00e9es des smart cities garantit la libre circulation des informations produites par l\u2019IoT du village mondial de demain.","og_url":"https:\/\/loamics.com\/fr\/lanalyse-des-donnees-pour-les-territoires-intelligents\/","og_site_name":"Loamics","article_modified_time":"2022-06-07T13:12:13+00:00","twitter_card":"summary_large_image","twitter_misc":{"Dur\u00e9e de lecture estim\u00e9e":"1 minute"},"schema":{"@context":"https:\/\/schema.org","@graph":[{"@type":"WebPage","@id":"https:\/\/loamics.com\/fr\/lanalyse-des-donnees-pour-les-territoires-intelligents\/","url":"https:\/\/loamics.com\/fr\/lanalyse-des-donnees-pour-les-territoires-intelligents\/","name":"L'analyse des donn\u00e9es pour les smart cities - Loamics","isPartOf":{"@id":"https:\/\/loamics.com\/fr\/#website"},"datePublished":"2022-04-19T09:25:40+00:00","dateModified":"2022-06-07T13:12:13+00:00","description":"L\u2019analyse des donn\u00e9es des smart cities garantit la libre circulation des informations produites par l\u2019IoT du village mondial de demain.","inLanguage":"fr-FR","potentialAction":[{"@type":"ReadAction","target":["https:\/\/loamics.com\/fr\/lanalyse-des-donnees-pour-les-territoires-intelligents\/"]}]},{"@type":"WebSite","@id":"https:\/\/loamics.com\/fr\/#website","url":"https:\/\/loamics.com\/fr\/","name":"Loamics","description":"Serving humanking through data","potentialAction":[{"@type":"SearchAction","target":{"@type":"EntryPoint","urlTemplate":"https:\/\/loamics.com\/fr\/?s={search_term_string}"},"query-input":{"@type":"PropertyValueSpecification","valueRequired":true,"valueName":"search_term_string"}}],"inLanguage":"fr-FR"}]}},"_links":{"self":[{"href":"https:\/\/loamics.com\/fr\/wp-json\/wp\/v2\/pages\/2100","targetHints":{"allow":["GET"]}}],"collection":[{"href":"https:\/\/loamics.com\/fr\/wp-json\/wp\/v2\/pages"}],"about":[{"href":"https:\/\/loamics.com\/fr\/wp-json\/wp\/v2\/types\/page"}],"author":[{"embeddable":true,"href":"https:\/\/loamics.com\/fr\/wp-json\/wp\/v2\/users\/7"}],"replies":[{"embeddable":true,"href":"https:\/\/loamics.com\/fr\/wp-json\/wp\/v2\/comments?post=2100"}],"version-history":[{"count":5,"href":"https:\/\/loamics.com\/fr\/wp-json\/wp\/v2\/pages\/2100\/revisions"}],"predecessor-version":[{"id":2715,"href":"https:\/\/loamics.com\/fr\/wp-json\/wp\/v2\/pages\/2100\/revisions\/2715"}],"wp:attachment":[{"href":"https:\/\/loamics.com\/fr\/wp-json\/wp\/v2\/media?parent=2100"}],"curies":[{"name":"wp","href":"https:\/\/api.w.org\/{rel}","templated":true}]}}