{"id":2262,"date":"2022-04-19T11:08:53","date_gmt":"2022-04-19T09:08:53","guid":{"rendered":"https:\/\/loamics.com\/data-analytics-pour-services-publics-copy\/"},"modified":"2022-06-09T18:58:30","modified_gmt":"2022-06-09T16:58:30","slug":"data-analytics-pour-services-publics","status":"publish","type":"page","link":"https:\/\/loamics.com\/fr\/data-analytics-pour-services-publics\/","title":{"rendered":"L&rsquo;analyse Big Data dans le secteur de l&rsquo;\u00e9nergie et des services publics"},"content":{"rendered":"<p>Cette section, sur l&rsquo;analyse de donn\u00e9es pour l&rsquo;\u00e9nergie et l&rsquo;analyse de m\u00e9ga donn\u00e9es pour les services publics, est un \u00e9l\u00e9ment cl\u00e9 de ce guide. Une analyse de donn\u00e9es efficace est essentielle, mais souvent sous-estim\u00e9e compte tenu de l&rsquo;importance qu&rsquo;elle m\u00e9rite. De mauvaises analyses peuvent gravement compromettre le bon fonctionnement d&rsquo;une entreprise et produire des messages potentiellement trompeurs.<\/p>\n<p>Les donn\u00e9es \u00e9nerg\u00e9tiques ne se limitent pas aux donn\u00e9es de consommation ; elles comprennent \u00e9galement des facteurs importants qui influencent la consommation. La fr\u00e9quence de saisie des donn\u00e9es doit \u00eatre sup\u00e9rieure \u00e0 la fr\u00e9quence des variations \u00e9tudi\u00e9es.<\/p>\n<p>L&rsquo;analyse de donn\u00e9es pour l&rsquo;\u00e9nergie est con\u00e7ue pour mieux comprendre la consommation et le co\u00fbt de l&rsquo;\u00e9nergie, calculer les niveaux de performance, \u00e9tablir des objectifs et mod\u00e9liser la consommation.<\/p>\n<p>Une gamme de techniques est disponible, des plus simples aux plus complexes. Ces techniques doivent \u00eatre choisies en fonction des probl\u00e8mes \u00e0 r\u00e9soudre (plut\u00f4t que de choisir d&rsquo;abord une technique d&rsquo;analyse puis de trouver une situation qui lui convient).<\/p>\n<p>Avec LOAMICS-Suite, il est possible de collecter, stocker et traiter efficacement, en temps r\u00e9el, toutes les donn\u00e9es du Big Data de l&rsquo;\u00c9nergie et de ses Services.<\/p>\n","protected":false},"excerpt":{"rendered":"<p>Cette section, sur l&rsquo;analyse de donn\u00e9es pour l&rsquo;\u00e9nergie et l&rsquo;analyse de m\u00e9ga donn\u00e9es pour les services publics, est un \u00e9l\u00e9ment cl\u00e9 de ce guide. Une analyse de donn\u00e9es efficace est essentielle, mais souvent sous-estim\u00e9e compte tenu de l&rsquo;importance qu&rsquo;elle m\u00e9rite. De mauvaises analyses peuvent gravement compromettre le bon fonctionnement d&rsquo;une entreprise et produire des messages [&hellip;]<\/p>\n","protected":false},"author":7,"featured_media":0,"parent":0,"menu_order":0,"comment_status":"closed","ping_status":"closed","template":"template-flexible.php","meta":{"_acf_changed":false,"content-type":"","footnotes":""},"class_list":["post-2262","page","type-page","status-publish","hentry"],"acf":[],"yoast_head":"<!-- This site is optimized with the Yoast SEO plugin v27.3 - https:\/\/yoast.com\/product\/yoast-seo-wordpress\/ -->\n<title>L&#039;analyse Big Data dans le secteur de l&#039;\u00e9nergie et des services publics - Loamics<\/title>\n<meta name=\"description\" content=\"L&#039;analyse de donn\u00e9es pour les services publics et l&#039;\u00e9nergie est essentielle pour \u00e9viter les pertes ou l\u2019utilisation abusive des ressources.\" \/>\n<meta name=\"robots\" content=\"index, follow, max-snippet:-1, max-image-preview:large, max-video-preview:-1\" \/>\n<link rel=\"canonical\" href=\"https:\/\/loamics.com\/fr\/data-analytics-pour-services-publics\/\" \/>\n<meta property=\"og:locale\" content=\"fr_FR\" \/>\n<meta property=\"og:type\" content=\"article\" \/>\n<meta property=\"og:title\" content=\"L&#039;analyse Big Data dans le secteur de l&#039;\u00e9nergie et des services publics - Loamics\" \/>\n<meta property=\"og:description\" content=\"L&#039;analyse de donn\u00e9es pour les services publics et l&#039;\u00e9nergie est essentielle pour \u00e9viter les pertes ou l\u2019utilisation abusive des ressources.\" \/>\n<meta property=\"og:url\" content=\"https:\/\/loamics.com\/fr\/data-analytics-pour-services-publics\/\" \/>\n<meta property=\"og:site_name\" content=\"Loamics\" \/>\n<meta property=\"article:modified_time\" content=\"2022-06-09T16:58:30+00:00\" \/>\n<meta name=\"twitter:card\" content=\"summary_large_image\" \/>\n<meta name=\"twitter:label1\" content=\"Dur\u00e9e de lecture estim\u00e9e\" \/>\n\t<meta name=\"twitter:data1\" content=\"1 minute\" \/>\n<script type=\"application\/ld+json\" class=\"yoast-schema-graph\">{\"@context\":\"https:\\\/\\\/schema.org\",\"@graph\":[{\"@type\":\"WebPage\",\"@id\":\"https:\\\/\\\/loamics.com\\\/fr\\\/data-analytics-pour-services-publics\\\/\",\"url\":\"https:\\\/\\\/loamics.com\\\/fr\\\/data-analytics-pour-services-publics\\\/\",\"name\":\"L'analyse Big Data dans le secteur de l'\u00e9nergie et des services publics - Loamics\",\"isPartOf\":{\"@id\":\"https:\\\/\\\/loamics.com\\\/fr\\\/#website\"},\"datePublished\":\"2022-04-19T09:08:53+00:00\",\"dateModified\":\"2022-06-09T16:58:30+00:00\",\"description\":\"L'analyse de donn\u00e9es pour les services publics et l'\u00e9nergie est essentielle pour \u00e9viter les pertes ou l\u2019utilisation abusive des ressources.\",\"inLanguage\":\"fr-FR\",\"potentialAction\":[{\"@type\":\"ReadAction\",\"target\":[\"https:\\\/\\\/loamics.com\\\/fr\\\/data-analytics-pour-services-publics\\\/\"]}]},{\"@type\":\"WebSite\",\"@id\":\"https:\\\/\\\/loamics.com\\\/fr\\\/#website\",\"url\":\"https:\\\/\\\/loamics.com\\\/fr\\\/\",\"name\":\"Loamics\",\"description\":\"Serving humanking through data\",\"potentialAction\":[{\"@type\":\"SearchAction\",\"target\":{\"@type\":\"EntryPoint\",\"urlTemplate\":\"https:\\\/\\\/loamics.com\\\/fr\\\/?s={search_term_string}\"},\"query-input\":{\"@type\":\"PropertyValueSpecification\",\"valueRequired\":true,\"valueName\":\"search_term_string\"}}],\"inLanguage\":\"fr-FR\"}]}<\/script>\n<!-- \/ Yoast SEO plugin. -->","yoast_head_json":{"title":"L'analyse Big Data dans le secteur de l'\u00e9nergie et des services publics - Loamics","description":"L'analyse de donn\u00e9es pour les services publics et l'\u00e9nergie est essentielle pour \u00e9viter les pertes ou l\u2019utilisation abusive des ressources.","robots":{"index":"index","follow":"follow","max-snippet":"max-snippet:-1","max-image-preview":"max-image-preview:large","max-video-preview":"max-video-preview:-1"},"canonical":"https:\/\/loamics.com\/fr\/data-analytics-pour-services-publics\/","og_locale":"fr_FR","og_type":"article","og_title":"L'analyse Big Data dans le secteur de l'\u00e9nergie et des services publics - Loamics","og_description":"L'analyse de donn\u00e9es pour les services publics et l'\u00e9nergie est essentielle pour \u00e9viter les pertes ou l\u2019utilisation abusive des ressources.","og_url":"https:\/\/loamics.com\/fr\/data-analytics-pour-services-publics\/","og_site_name":"Loamics","article_modified_time":"2022-06-09T16:58:30+00:00","twitter_card":"summary_large_image","twitter_misc":{"Dur\u00e9e de lecture estim\u00e9e":"1 minute"},"schema":{"@context":"https:\/\/schema.org","@graph":[{"@type":"WebPage","@id":"https:\/\/loamics.com\/fr\/data-analytics-pour-services-publics\/","url":"https:\/\/loamics.com\/fr\/data-analytics-pour-services-publics\/","name":"L'analyse Big Data dans le secteur de l'\u00e9nergie et des services publics - Loamics","isPartOf":{"@id":"https:\/\/loamics.com\/fr\/#website"},"datePublished":"2022-04-19T09:08:53+00:00","dateModified":"2022-06-09T16:58:30+00:00","description":"L'analyse de donn\u00e9es pour les services publics et l'\u00e9nergie est essentielle pour \u00e9viter les pertes ou l\u2019utilisation abusive des ressources.","inLanguage":"fr-FR","potentialAction":[{"@type":"ReadAction","target":["https:\/\/loamics.com\/fr\/data-analytics-pour-services-publics\/"]}]},{"@type":"WebSite","@id":"https:\/\/loamics.com\/fr\/#website","url":"https:\/\/loamics.com\/fr\/","name":"Loamics","description":"Serving humanking through data","potentialAction":[{"@type":"SearchAction","target":{"@type":"EntryPoint","urlTemplate":"https:\/\/loamics.com\/fr\/?s={search_term_string}"},"query-input":{"@type":"PropertyValueSpecification","valueRequired":true,"valueName":"search_term_string"}}],"inLanguage":"fr-FR"}]}},"_links":{"self":[{"href":"https:\/\/loamics.com\/fr\/wp-json\/wp\/v2\/pages\/2262","targetHints":{"allow":["GET"]}}],"collection":[{"href":"https:\/\/loamics.com\/fr\/wp-json\/wp\/v2\/pages"}],"about":[{"href":"https:\/\/loamics.com\/fr\/wp-json\/wp\/v2\/types\/page"}],"author":[{"embeddable":true,"href":"https:\/\/loamics.com\/fr\/wp-json\/wp\/v2\/users\/7"}],"replies":[{"embeddable":true,"href":"https:\/\/loamics.com\/fr\/wp-json\/wp\/v2\/comments?post=2262"}],"version-history":[{"count":5,"href":"https:\/\/loamics.com\/fr\/wp-json\/wp\/v2\/pages\/2262\/revisions"}],"predecessor-version":[{"id":2886,"href":"https:\/\/loamics.com\/fr\/wp-json\/wp\/v2\/pages\/2262\/revisions\/2886"}],"wp:attachment":[{"href":"https:\/\/loamics.com\/fr\/wp-json\/wp\/v2\/media?parent=2262"}],"curies":[{"name":"wp","href":"https:\/\/api.w.org\/{rel}","templated":true}]}}