{"id":2272,"date":"2022-04-19T11:47:52","date_gmt":"2022-04-19T09:47:52","guid":{"rendered":"https:\/\/loamics.com\/?page_id=2272"},"modified":"2022-06-08T10:37:24","modified_gmt":"2022-06-08T08:37:24","slug":"lanalyse-des-donnees-dans-laerospatiale-et-la-defense","status":"publish","type":"page","link":"https:\/\/loamics.com\/fr\/lanalyse-des-donnees-dans-laerospatiale-et-la-defense\/","title":{"rendered":"L&rsquo;analyse des donn\u00e9es dans l&rsquo;a\u00e9rospatiale et la d\u00e9fense"},"content":{"rendered":"<p><strong>L&rsquo;analyse de donn\u00e9es<\/strong> est loin d&rsquo;\u00eatre une nouveaut\u00e9 pour les industries de l\u2019<strong>a\u00e9ronautique, spatial &amp; d\u00e9fense<\/strong>. Sans elle, elles n&rsquo;auraient pas atteint les niveaux de complexit\u00e9 et d&rsquo;efficacit\u00e9 qu&rsquo;elles ont aujourd&rsquo;hui. Les syst\u00e8mes a\u00e9ronautique, spatial et d\u00e9fense n\u00e9cessitent l&rsquo;acquisition, la transformation et l&rsquo;interpr\u00e9tation de grands ensembles de donn\u00e9es, souvent en <strong>temps r\u00e9el<\/strong>. La<strong> fiabilit\u00e9<\/strong> de ces donn\u00e9es est essentielle pour une <strong>prise de d\u00e9cision rapide<\/strong>. La pr\u00e9cision avec laquelle ces d\u00e9cisions peuvent \u00eatre prises d\u00e9pend de la vitesse de mesure. Avec l&rsquo;av\u00e8nement du <strong>Big Data<\/strong>, les industries a\u00e9ronautique, spatial &amp; d\u00e9fense disposent d&rsquo;un nouvel outil puissant. Ses avantages s&rsquo;appliquent \u00e9galement aux services d&rsquo;ing\u00e9nierie, d&rsquo;exploitation et d&rsquo;administration des diff\u00e9rents d\u00e9partements de l&rsquo;industrie a\u00e9ronautique, spatial &amp; d\u00e9fense. Le march\u00e9 a\u00e9ronautique, spatial &amp; d\u00e9fense peut b\u00e9n\u00e9ficier des services de qualit\u00e9 de <strong>LOAMICS<\/strong> pour<strong> collecter, stocker et analyser<\/strong> leurs donn\u00e9es.<\/p>\n","protected":false},"excerpt":{"rendered":"<p>L&rsquo;analyse de donn\u00e9es est loin d&rsquo;\u00eatre une nouveaut\u00e9 pour les industries de l\u2019a\u00e9ronautique, spatial &amp; d\u00e9fense. Sans elle, elles n&rsquo;auraient pas atteint les niveaux de complexit\u00e9 et d&rsquo;efficacit\u00e9 qu&rsquo;elles ont aujourd&rsquo;hui. Les syst\u00e8mes a\u00e9ronautique, spatial et d\u00e9fense n\u00e9cessitent l&rsquo;acquisition, la transformation et l&rsquo;interpr\u00e9tation de grands ensembles de donn\u00e9es, souvent en temps r\u00e9el. La fiabilit\u00e9 de [&hellip;]<\/p>\n","protected":false},"author":7,"featured_media":0,"parent":0,"menu_order":0,"comment_status":"closed","ping_status":"closed","template":"template-flexible.php","meta":{"_acf_changed":false,"content-type":"","footnotes":""},"class_list":["post-2272","page","type-page","status-publish","hentry"],"acf":[],"yoast_head":"<!-- This site is optimized with the Yoast SEO plugin v27.3 - https:\/\/yoast.com\/product\/yoast-seo-wordpress\/ -->\n<title>L&#039;analyse des donn\u00e9es dans l&#039;a\u00e9rospatiale et la d\u00e9fense - Loamics<\/title>\n<meta name=\"description\" content=\"L\u2019a\u00e9ronautique, l&#039;a\u00e9rospatial &amp; la d\u00e9fense n\u00e9cessitent l&#039;analyse et la transformation de grands ensembles de donn\u00e9es en temps r\u00e9el.\" \/>\n<meta name=\"robots\" content=\"index, follow, max-snippet:-1, max-image-preview:large, max-video-preview:-1\" \/>\n<link rel=\"canonical\" href=\"https:\/\/loamics.com\/fr\/lanalyse-des-donnees-dans-laerospatiale-et-la-defense\/\" \/>\n<meta property=\"og:locale\" content=\"fr_FR\" \/>\n<meta property=\"og:type\" content=\"article\" \/>\n<meta property=\"og:title\" content=\"L&#039;analyse des donn\u00e9es dans l&#039;a\u00e9rospatiale et la d\u00e9fense - Loamics\" \/>\n<meta property=\"og:description\" content=\"L\u2019a\u00e9ronautique, l&#039;a\u00e9rospatial &amp; la d\u00e9fense n\u00e9cessitent l&#039;analyse et la transformation de grands ensembles de donn\u00e9es en temps r\u00e9el.\" \/>\n<meta property=\"og:url\" content=\"https:\/\/loamics.com\/fr\/lanalyse-des-donnees-dans-laerospatiale-et-la-defense\/\" \/>\n<meta property=\"og:site_name\" content=\"Loamics\" \/>\n<meta property=\"article:modified_time\" content=\"2022-06-08T08:37:24+00:00\" \/>\n<meta name=\"twitter:card\" content=\"summary_large_image\" \/>\n<meta name=\"twitter:label1\" content=\"Dur\u00e9e de lecture estim\u00e9e\" \/>\n\t<meta name=\"twitter:data1\" content=\"1 minute\" \/>\n<script type=\"application\/ld+json\" class=\"yoast-schema-graph\">{\"@context\":\"https:\\\/\\\/schema.org\",\"@graph\":[{\"@type\":\"WebPage\",\"@id\":\"https:\\\/\\\/loamics.com\\\/fr\\\/lanalyse-des-donnees-dans-laerospatiale-et-la-defense\\\/\",\"url\":\"https:\\\/\\\/loamics.com\\\/fr\\\/lanalyse-des-donnees-dans-laerospatiale-et-la-defense\\\/\",\"name\":\"L'analyse des donn\u00e9es dans l'a\u00e9rospatiale et la d\u00e9fense - Loamics\",\"isPartOf\":{\"@id\":\"https:\\\/\\\/loamics.com\\\/fr\\\/#website\"},\"datePublished\":\"2022-04-19T09:47:52+00:00\",\"dateModified\":\"2022-06-08T08:37:24+00:00\",\"description\":\"L\u2019a\u00e9ronautique, l'a\u00e9rospatial & la d\u00e9fense n\u00e9cessitent l'analyse et la transformation de grands ensembles de donn\u00e9es en temps r\u00e9el.\",\"inLanguage\":\"fr-FR\",\"potentialAction\":[{\"@type\":\"ReadAction\",\"target\":[\"https:\\\/\\\/loamics.com\\\/fr\\\/lanalyse-des-donnees-dans-laerospatiale-et-la-defense\\\/\"]}]},{\"@type\":\"WebSite\",\"@id\":\"https:\\\/\\\/loamics.com\\\/fr\\\/#website\",\"url\":\"https:\\\/\\\/loamics.com\\\/fr\\\/\",\"name\":\"Loamics\",\"description\":\"Serving humanking through data\",\"potentialAction\":[{\"@type\":\"SearchAction\",\"target\":{\"@type\":\"EntryPoint\",\"urlTemplate\":\"https:\\\/\\\/loamics.com\\\/fr\\\/?s={search_term_string}\"},\"query-input\":{\"@type\":\"PropertyValueSpecification\",\"valueRequired\":true,\"valueName\":\"search_term_string\"}}],\"inLanguage\":\"fr-FR\"}]}<\/script>\n<!-- \/ Yoast SEO plugin. -->","yoast_head_json":{"title":"L'analyse des donn\u00e9es dans l'a\u00e9rospatiale et la d\u00e9fense - Loamics","description":"L\u2019a\u00e9ronautique, l'a\u00e9rospatial & la d\u00e9fense n\u00e9cessitent l'analyse et la transformation de grands ensembles de donn\u00e9es en temps r\u00e9el.","robots":{"index":"index","follow":"follow","max-snippet":"max-snippet:-1","max-image-preview":"max-image-preview:large","max-video-preview":"max-video-preview:-1"},"canonical":"https:\/\/loamics.com\/fr\/lanalyse-des-donnees-dans-laerospatiale-et-la-defense\/","og_locale":"fr_FR","og_type":"article","og_title":"L'analyse des donn\u00e9es dans l'a\u00e9rospatiale et la d\u00e9fense - Loamics","og_description":"L\u2019a\u00e9ronautique, l'a\u00e9rospatial & la d\u00e9fense n\u00e9cessitent l'analyse et la transformation de grands ensembles de donn\u00e9es en temps r\u00e9el.","og_url":"https:\/\/loamics.com\/fr\/lanalyse-des-donnees-dans-laerospatiale-et-la-defense\/","og_site_name":"Loamics","article_modified_time":"2022-06-08T08:37:24+00:00","twitter_card":"summary_large_image","twitter_misc":{"Dur\u00e9e de lecture estim\u00e9e":"1 minute"},"schema":{"@context":"https:\/\/schema.org","@graph":[{"@type":"WebPage","@id":"https:\/\/loamics.com\/fr\/lanalyse-des-donnees-dans-laerospatiale-et-la-defense\/","url":"https:\/\/loamics.com\/fr\/lanalyse-des-donnees-dans-laerospatiale-et-la-defense\/","name":"L'analyse des donn\u00e9es dans l'a\u00e9rospatiale et la d\u00e9fense - Loamics","isPartOf":{"@id":"https:\/\/loamics.com\/fr\/#website"},"datePublished":"2022-04-19T09:47:52+00:00","dateModified":"2022-06-08T08:37:24+00:00","description":"L\u2019a\u00e9ronautique, l'a\u00e9rospatial & la d\u00e9fense n\u00e9cessitent l'analyse et la transformation de grands ensembles de donn\u00e9es en temps r\u00e9el.","inLanguage":"fr-FR","potentialAction":[{"@type":"ReadAction","target":["https:\/\/loamics.com\/fr\/lanalyse-des-donnees-dans-laerospatiale-et-la-defense\/"]}]},{"@type":"WebSite","@id":"https:\/\/loamics.com\/fr\/#website","url":"https:\/\/loamics.com\/fr\/","name":"Loamics","description":"Serving humanking through data","potentialAction":[{"@type":"SearchAction","target":{"@type":"EntryPoint","urlTemplate":"https:\/\/loamics.com\/fr\/?s={search_term_string}"},"query-input":{"@type":"PropertyValueSpecification","valueRequired":true,"valueName":"search_term_string"}}],"inLanguage":"fr-FR"}]}},"_links":{"self":[{"href":"https:\/\/loamics.com\/fr\/wp-json\/wp\/v2\/pages\/2272","targetHints":{"allow":["GET"]}}],"collection":[{"href":"https:\/\/loamics.com\/fr\/wp-json\/wp\/v2\/pages"}],"about":[{"href":"https:\/\/loamics.com\/fr\/wp-json\/wp\/v2\/types\/page"}],"author":[{"embeddable":true,"href":"https:\/\/loamics.com\/fr\/wp-json\/wp\/v2\/users\/7"}],"replies":[{"embeddable":true,"href":"https:\/\/loamics.com\/fr\/wp-json\/wp\/v2\/comments?post=2272"}],"version-history":[{"count":4,"href":"https:\/\/loamics.com\/fr\/wp-json\/wp\/v2\/pages\/2272\/revisions"}],"predecessor-version":[{"id":2828,"href":"https:\/\/loamics.com\/fr\/wp-json\/wp\/v2\/pages\/2272\/revisions\/2828"}],"wp:attachment":[{"href":"https:\/\/loamics.com\/fr\/wp-json\/wp\/v2\/media?parent=2272"}],"curies":[{"name":"wp","href":"https:\/\/api.w.org\/{rel}","templated":true}]}}