{"id":2275,"date":"2022-04-19T12:28:37","date_gmt":"2022-04-19T10:28:37","guid":{"rendered":"https:\/\/loamics.com\/?page_id=2275"},"modified":"2022-06-08T10:40:31","modified_gmt":"2022-06-08T08:40:31","slug":"lanalyse-des-big-data-pour-la-logistique-et-le-transport","status":"publish","type":"page","link":"https:\/\/loamics.com\/fr\/lanalyse-des-big-data-pour-la-logistique-et-le-transport\/","title":{"rendered":"L&rsquo;analyse des Big Data pour la logistique et le transport"},"content":{"rendered":"<p>La nature complexe des op\u00e9rations logistiques fait du <strong>Big Data<\/strong> un alli\u00e9 pr\u00e9cieux pour toutes les entreprises du secteur, en particulier celles de l&rsquo;industrie du transport. Leurs op\u00e9rations \u00e9tant tr\u00e8s dynamiques, de nombreuses donn\u00e9es sont disponibles et peuvent \u00eatre utilis\u00e9es pour en tirer des enseignements qui am\u00e9liorent les performances de l&rsquo;industrie. En fait, environ 98 % des entreprises du secteur de la logistique utilisent le Big Data pour assurer leur croissance.<\/p>\n<p>&nbsp;<\/p>\n","protected":false},"excerpt":{"rendered":"<p>La nature complexe des op\u00e9rations logistiques fait du Big Data un alli\u00e9 pr\u00e9cieux pour toutes les entreprises du secteur, en particulier celles de l&rsquo;industrie du transport. Leurs op\u00e9rations \u00e9tant tr\u00e8s dynamiques, de nombreuses donn\u00e9es sont disponibles et peuvent \u00eatre utilis\u00e9es pour en tirer des enseignements qui am\u00e9liorent les performances de l&rsquo;industrie. En fait, environ 98 [&hellip;]<\/p>\n","protected":false},"author":7,"featured_media":0,"parent":0,"menu_order":0,"comment_status":"closed","ping_status":"closed","template":"template-flexible.php","meta":{"_acf_changed":false,"content-type":"","footnotes":""},"class_list":["post-2275","page","type-page","status-publish","hentry"],"acf":[],"yoast_head":"<!-- This site is optimized with the Yoast SEO plugin v27.5 - https:\/\/yoast.com\/product\/yoast-seo-wordpress\/ -->\n<title>L&#039;analyse des Big Data pour la logistique et le transport - Loamics<\/title>\n<meta name=\"description\" content=\"La nature complexe des op\u00e9rations logistiques fait de l&#039;analyse de donn\u00e9es un atout, en particulier les entreprises du transport.\" \/>\n<meta name=\"robots\" content=\"index, follow, max-snippet:-1, max-image-preview:large, max-video-preview:-1\" \/>\n<link rel=\"canonical\" href=\"https:\/\/loamics.com\/fr\/lanalyse-des-big-data-pour-la-logistique-et-le-transport\/\" \/>\n<meta property=\"og:locale\" content=\"fr_FR\" \/>\n<meta property=\"og:type\" content=\"article\" \/>\n<meta property=\"og:title\" content=\"L&#039;analyse des Big Data pour la logistique et le transport - Loamics\" \/>\n<meta property=\"og:description\" content=\"La nature complexe des op\u00e9rations logistiques fait de l&#039;analyse de donn\u00e9es un atout, en particulier les entreprises du transport.\" \/>\n<meta property=\"og:url\" content=\"https:\/\/loamics.com\/fr\/lanalyse-des-big-data-pour-la-logistique-et-le-transport\/\" \/>\n<meta property=\"og:site_name\" content=\"Loamics\" \/>\n<meta property=\"article:modified_time\" content=\"2022-06-08T08:40:31+00:00\" \/>\n<meta name=\"twitter:card\" content=\"summary_large_image\" \/>\n<meta name=\"twitter:label1\" content=\"Dur\u00e9e de lecture estim\u00e9e\" \/>\n\t<meta name=\"twitter:data1\" content=\"1 minute\" \/>\n<script type=\"application\/ld+json\" class=\"yoast-schema-graph\">{\"@context\":\"https:\\\/\\\/schema.org\",\"@graph\":[{\"@type\":\"WebPage\",\"@id\":\"https:\\\/\\\/loamics.com\\\/fr\\\/lanalyse-des-big-data-pour-la-logistique-et-le-transport\\\/\",\"url\":\"https:\\\/\\\/loamics.com\\\/fr\\\/lanalyse-des-big-data-pour-la-logistique-et-le-transport\\\/\",\"name\":\"L'analyse des Big Data pour la logistique et le transport - Loamics\",\"isPartOf\":{\"@id\":\"https:\\\/\\\/loamics.com\\\/fr\\\/#website\"},\"datePublished\":\"2022-04-19T10:28:37+00:00\",\"dateModified\":\"2022-06-08T08:40:31+00:00\",\"description\":\"La nature complexe des op\u00e9rations logistiques fait de l'analyse de donn\u00e9es un atout, en particulier les entreprises du transport.\",\"inLanguage\":\"fr-FR\",\"potentialAction\":[{\"@type\":\"ReadAction\",\"target\":[\"https:\\\/\\\/loamics.com\\\/fr\\\/lanalyse-des-big-data-pour-la-logistique-et-le-transport\\\/\"]}]},{\"@type\":\"WebSite\",\"@id\":\"https:\\\/\\\/loamics.com\\\/fr\\\/#website\",\"url\":\"https:\\\/\\\/loamics.com\\\/fr\\\/\",\"name\":\"Loamics\",\"description\":\"Serving humanking through data\",\"potentialAction\":[{\"@type\":\"SearchAction\",\"target\":{\"@type\":\"EntryPoint\",\"urlTemplate\":\"https:\\\/\\\/loamics.com\\\/fr\\\/?s={search_term_string}\"},\"query-input\":{\"@type\":\"PropertyValueSpecification\",\"valueRequired\":true,\"valueName\":\"search_term_string\"}}],\"inLanguage\":\"fr-FR\"}]}<\/script>\n<!-- \/ Yoast SEO plugin. -->","yoast_head_json":{"title":"L'analyse des Big Data pour la logistique et le transport - Loamics","description":"La nature complexe des op\u00e9rations logistiques fait de l'analyse de donn\u00e9es un atout, en particulier les entreprises du transport.","robots":{"index":"index","follow":"follow","max-snippet":"max-snippet:-1","max-image-preview":"max-image-preview:large","max-video-preview":"max-video-preview:-1"},"canonical":"https:\/\/loamics.com\/fr\/lanalyse-des-big-data-pour-la-logistique-et-le-transport\/","og_locale":"fr_FR","og_type":"article","og_title":"L'analyse des Big Data pour la logistique et le transport - Loamics","og_description":"La nature complexe des op\u00e9rations logistiques fait de l'analyse de donn\u00e9es un atout, en particulier les entreprises du transport.","og_url":"https:\/\/loamics.com\/fr\/lanalyse-des-big-data-pour-la-logistique-et-le-transport\/","og_site_name":"Loamics","article_modified_time":"2022-06-08T08:40:31+00:00","twitter_card":"summary_large_image","twitter_misc":{"Dur\u00e9e de lecture estim\u00e9e":"1 minute"},"schema":{"@context":"https:\/\/schema.org","@graph":[{"@type":"WebPage","@id":"https:\/\/loamics.com\/fr\/lanalyse-des-big-data-pour-la-logistique-et-le-transport\/","url":"https:\/\/loamics.com\/fr\/lanalyse-des-big-data-pour-la-logistique-et-le-transport\/","name":"L'analyse des Big Data pour la logistique et le transport - Loamics","isPartOf":{"@id":"https:\/\/loamics.com\/fr\/#website"},"datePublished":"2022-04-19T10:28:37+00:00","dateModified":"2022-06-08T08:40:31+00:00","description":"La nature complexe des op\u00e9rations logistiques fait de l'analyse de donn\u00e9es un atout, en particulier les entreprises du transport.","inLanguage":"fr-FR","potentialAction":[{"@type":"ReadAction","target":["https:\/\/loamics.com\/fr\/lanalyse-des-big-data-pour-la-logistique-et-le-transport\/"]}]},{"@type":"WebSite","@id":"https:\/\/loamics.com\/fr\/#website","url":"https:\/\/loamics.com\/fr\/","name":"Loamics","description":"Serving humanking through data","potentialAction":[{"@type":"SearchAction","target":{"@type":"EntryPoint","urlTemplate":"https:\/\/loamics.com\/fr\/?s={search_term_string}"},"query-input":{"@type":"PropertyValueSpecification","valueRequired":true,"valueName":"search_term_string"}}],"inLanguage":"fr-FR"}]}},"_links":{"self":[{"href":"https:\/\/loamics.com\/fr\/wp-json\/wp\/v2\/pages\/2275","targetHints":{"allow":["GET"]}}],"collection":[{"href":"https:\/\/loamics.com\/fr\/wp-json\/wp\/v2\/pages"}],"about":[{"href":"https:\/\/loamics.com\/fr\/wp-json\/wp\/v2\/types\/page"}],"author":[{"embeddable":true,"href":"https:\/\/loamics.com\/fr\/wp-json\/wp\/v2\/users\/7"}],"replies":[{"embeddable":true,"href":"https:\/\/loamics.com\/fr\/wp-json\/wp\/v2\/comments?post=2275"}],"version-history":[{"count":5,"href":"https:\/\/loamics.com\/fr\/wp-json\/wp\/v2\/pages\/2275\/revisions"}],"predecessor-version":[{"id":2829,"href":"https:\/\/loamics.com\/fr\/wp-json\/wp\/v2\/pages\/2275\/revisions\/2829"}],"wp:attachment":[{"href":"https:\/\/loamics.com\/fr\/wp-json\/wp\/v2\/media?parent=2275"}],"curies":[{"name":"wp","href":"https:\/\/api.w.org\/{rel}","templated":true}]}}