{"id":2282,"date":"2022-04-22T12:41:07","date_gmt":"2022-04-22T10:41:07","guid":{"rendered":"https:\/\/loamics.com\/?page_id=2282"},"modified":"2024-09-27T15:33:28","modified_gmt":"2024-09-27T13:33:28","slug":"datalake","status":"publish","type":"page","link":"https:\/\/loamics.com\/fr\/notre-solution\/datalake\/","title":{"rendered":"DataLake"},"content":{"rendered":"<p><span class=\"TextRun Highlight SCXW93750209 BCX0\" lang=\"FR-FR\" xml:lang=\"FR-FR\" data-contrast=\"none\"><span class=\"NormalTextRun SCXW93750209 BCX0\">Le volume de donn\u00e9es double chaque ann\u00e9e et a atteint plus de 44 milliards de <\/span><span class=\"NormalTextRun SpellingErrorV2 SCXW93750209 BCX0\">gigaoctets<\/span><span class=\"NormalTextRun SCXW93750209 BCX0\"> en 2020. Plus de 90 % de ces donn\u00e9es sont non structur\u00e9es ou semi-structur\u00e9es. Ajoutez \u00e0 cela l&rsquo;avalanche d&rsquo;informations provenant des capteurs IoT en temps r\u00e9el. Cela repr\u00e9sente un double d\u00e9fi : trouver une solution efficace pour stocker toutes ces donn\u00e9es tout en ayant en permanence les capacit\u00e9s n\u00e9cessaires pour les traiter rapidement. Le Data Lake r\u00e9pond \u00e0 ces deux objectifs, au moins autant, sinon mieux, que les pr\u00e9c\u00e9dents mod\u00e8les de stockage tels que les Data Warehouse. <strong>LOAMICS-<\/strong><\/span><strong><span class=\"NormalTextRun SpellingErrorV2 SCXW93750209 BCX0\">DataLake<\/span><\/strong><span class=\"NormalTextRun SCXW93750209 BCX0\"> est une solution de stockage optimis\u00e9e qui est parfaitement int\u00e9gr\u00e9e dans la cha\u00eene de traitement globale <strong>LOAMICS-Suite<\/strong>.<\/span><\/span><span class=\"EOP SCXW93750209 BCX0\" data-ccp-props=\"{&quot;201341983&quot;:0,&quot;335559739&quot;:160,&quot;335559740&quot;:259}\">\u00a0<\/span><\/p>\n","protected":false},"excerpt":{"rendered":"<p>Le volume de donn\u00e9es double chaque ann\u00e9e et a atteint plus de 44 milliards de gigaoctets en 2020. Plus de 90 % de ces donn\u00e9es sont non structur\u00e9es ou semi-structur\u00e9es. Ajoutez \u00e0 cela l&rsquo;avalanche d&rsquo;informations provenant des capteurs IoT en temps r\u00e9el. Cela repr\u00e9sente un double d\u00e9fi : trouver une solution efficace pour stocker toutes [&hellip;]<\/p>\n","protected":false},"author":7,"featured_media":0,"parent":2287,"menu_order":0,"comment_status":"closed","ping_status":"closed","template":"template-flexible.php","meta":{"_acf_changed":false,"content-type":"","footnotes":""},"class_list":["post-2282","page","type-page","status-publish","hentry"],"acf":[],"yoast_head":"<!-- This site is optimized with the Yoast SEO plugin v27.4 - https:\/\/yoast.com\/product\/yoast-seo-wordpress\/ -->\n<title>DataLake - Loamics<\/title>\n<meta name=\"description\" content=\"Le logiciel DataLake de Loamics permet le stockage et la virtualisation de donn\u00e9es et m\u00e9tadonn\u00e9es fiabilis\u00e9es, pr\u00eates \u00e0 \u00eatre analys\u00e9es.\" \/>\n<meta name=\"robots\" content=\"index, follow, max-snippet:-1, max-image-preview:large, max-video-preview:-1\" \/>\n<link rel=\"canonical\" href=\"https:\/\/loamics.com\/fr\/notre-solution\/datalake\/\" \/>\n<meta property=\"og:locale\" content=\"fr_FR\" \/>\n<meta property=\"og:type\" content=\"article\" \/>\n<meta property=\"og:title\" content=\"DataLake - Loamics\" \/>\n<meta property=\"og:description\" content=\"Le logiciel DataLake de Loamics permet le stockage et la virtualisation de donn\u00e9es et m\u00e9tadonn\u00e9es fiabilis\u00e9es, pr\u00eates \u00e0 \u00eatre analys\u00e9es.\" \/>\n<meta property=\"og:url\" content=\"https:\/\/loamics.com\/fr\/notre-solution\/datalake\/\" \/>\n<meta property=\"og:site_name\" content=\"Loamics\" \/>\n<meta property=\"article:modified_time\" content=\"2024-09-27T13:33:28+00:00\" \/>\n<meta name=\"twitter:card\" content=\"summary_large_image\" \/>\n<meta name=\"twitter:label1\" content=\"Dur\u00e9e de lecture estim\u00e9e\" \/>\n\t<meta name=\"twitter:data1\" content=\"1 minute\" \/>\n<script type=\"application\/ld+json\" class=\"yoast-schema-graph\">{\"@context\":\"https:\\\/\\\/schema.org\",\"@graph\":[{\"@type\":\"WebPage\",\"@id\":\"https:\\\/\\\/loamics.com\\\/fr\\\/notre-solution\\\/datalake\\\/\",\"url\":\"https:\\\/\\\/loamics.com\\\/fr\\\/notre-solution\\\/datalake\\\/\",\"name\":\"DataLake - Loamics\",\"isPartOf\":{\"@id\":\"https:\\\/\\\/loamics.com\\\/fr\\\/#website\"},\"datePublished\":\"2022-04-22T10:41:07+00:00\",\"dateModified\":\"2024-09-27T13:33:28+00:00\",\"description\":\"Le logiciel DataLake de Loamics permet le stockage et la virtualisation de donn\u00e9es et m\u00e9tadonn\u00e9es fiabilis\u00e9es, pr\u00eates \u00e0 \u00eatre analys\u00e9es.\",\"breadcrumb\":{\"@id\":\"https:\\\/\\\/loamics.com\\\/fr\\\/notre-solution\\\/datalake\\\/#breadcrumb\"},\"inLanguage\":\"fr-FR\",\"potentialAction\":[{\"@type\":\"ReadAction\",\"target\":[\"https:\\\/\\\/loamics.com\\\/fr\\\/notre-solution\\\/datalake\\\/\"]}]},{\"@type\":\"BreadcrumbList\",\"@id\":\"https:\\\/\\\/loamics.com\\\/fr\\\/notre-solution\\\/datalake\\\/#breadcrumb\",\"itemListElement\":[{\"@type\":\"ListItem\",\"position\":1,\"name\":\"Notre solution\",\"item\":\"https:\\\/\\\/loamics.com\\\/fr\\\/notre-solution\\\/\"},{\"@type\":\"ListItem\",\"position\":2,\"name\":\"DataLake\"}]},{\"@type\":\"WebSite\",\"@id\":\"https:\\\/\\\/loamics.com\\\/fr\\\/#website\",\"url\":\"https:\\\/\\\/loamics.com\\\/fr\\\/\",\"name\":\"Loamics\",\"description\":\"Serving humanking through data\",\"potentialAction\":[{\"@type\":\"SearchAction\",\"target\":{\"@type\":\"EntryPoint\",\"urlTemplate\":\"https:\\\/\\\/loamics.com\\\/fr\\\/?s={search_term_string}\"},\"query-input\":{\"@type\":\"PropertyValueSpecification\",\"valueRequired\":true,\"valueName\":\"search_term_string\"}}],\"inLanguage\":\"fr-FR\"}]}<\/script>\n<!-- \/ Yoast SEO plugin. -->","yoast_head_json":{"title":"DataLake - Loamics","description":"Le logiciel DataLake de Loamics permet le stockage et la virtualisation de donn\u00e9es et m\u00e9tadonn\u00e9es fiabilis\u00e9es, pr\u00eates \u00e0 \u00eatre analys\u00e9es.","robots":{"index":"index","follow":"follow","max-snippet":"max-snippet:-1","max-image-preview":"max-image-preview:large","max-video-preview":"max-video-preview:-1"},"canonical":"https:\/\/loamics.com\/fr\/notre-solution\/datalake\/","og_locale":"fr_FR","og_type":"article","og_title":"DataLake - Loamics","og_description":"Le logiciel DataLake de Loamics permet le stockage et la virtualisation de donn\u00e9es et m\u00e9tadonn\u00e9es fiabilis\u00e9es, pr\u00eates \u00e0 \u00eatre analys\u00e9es.","og_url":"https:\/\/loamics.com\/fr\/notre-solution\/datalake\/","og_site_name":"Loamics","article_modified_time":"2024-09-27T13:33:28+00:00","twitter_card":"summary_large_image","twitter_misc":{"Dur\u00e9e de lecture estim\u00e9e":"1 minute"},"schema":{"@context":"https:\/\/schema.org","@graph":[{"@type":"WebPage","@id":"https:\/\/loamics.com\/fr\/notre-solution\/datalake\/","url":"https:\/\/loamics.com\/fr\/notre-solution\/datalake\/","name":"DataLake - Loamics","isPartOf":{"@id":"https:\/\/loamics.com\/fr\/#website"},"datePublished":"2022-04-22T10:41:07+00:00","dateModified":"2024-09-27T13:33:28+00:00","description":"Le logiciel DataLake de Loamics permet le stockage et la virtualisation de donn\u00e9es et m\u00e9tadonn\u00e9es fiabilis\u00e9es, pr\u00eates \u00e0 \u00eatre analys\u00e9es.","breadcrumb":{"@id":"https:\/\/loamics.com\/fr\/notre-solution\/datalake\/#breadcrumb"},"inLanguage":"fr-FR","potentialAction":[{"@type":"ReadAction","target":["https:\/\/loamics.com\/fr\/notre-solution\/datalake\/"]}]},{"@type":"BreadcrumbList","@id":"https:\/\/loamics.com\/fr\/notre-solution\/datalake\/#breadcrumb","itemListElement":[{"@type":"ListItem","position":1,"name":"Notre solution","item":"https:\/\/loamics.com\/fr\/notre-solution\/"},{"@type":"ListItem","position":2,"name":"DataLake"}]},{"@type":"WebSite","@id":"https:\/\/loamics.com\/fr\/#website","url":"https:\/\/loamics.com\/fr\/","name":"Loamics","description":"Serving humanking through data","potentialAction":[{"@type":"SearchAction","target":{"@type":"EntryPoint","urlTemplate":"https:\/\/loamics.com\/fr\/?s={search_term_string}"},"query-input":{"@type":"PropertyValueSpecification","valueRequired":true,"valueName":"search_term_string"}}],"inLanguage":"fr-FR"}]}},"_links":{"self":[{"href":"https:\/\/loamics.com\/fr\/wp-json\/wp\/v2\/pages\/2282","targetHints":{"allow":["GET"]}}],"collection":[{"href":"https:\/\/loamics.com\/fr\/wp-json\/wp\/v2\/pages"}],"about":[{"href":"https:\/\/loamics.com\/fr\/wp-json\/wp\/v2\/types\/page"}],"author":[{"embeddable":true,"href":"https:\/\/loamics.com\/fr\/wp-json\/wp\/v2\/users\/7"}],"replies":[{"embeddable":true,"href":"https:\/\/loamics.com\/fr\/wp-json\/wp\/v2\/comments?post=2282"}],"version-history":[{"count":5,"href":"https:\/\/loamics.com\/fr\/wp-json\/wp\/v2\/pages\/2282\/revisions"}],"predecessor-version":[{"id":2982,"href":"https:\/\/loamics.com\/fr\/wp-json\/wp\/v2\/pages\/2282\/revisions\/2982"}],"up":[{"embeddable":true,"href":"https:\/\/loamics.com\/fr\/wp-json\/wp\/v2\/pages\/2287"}],"wp:attachment":[{"href":"https:\/\/loamics.com\/fr\/wp-json\/wp\/v2\/media?parent=2282"}],"curies":[{"name":"wp","href":"https:\/\/api.w.org\/{rel}","templated":true}]}}