{"id":2283,"date":"2022-04-22T11:58:26","date_gmt":"2022-04-22T09:58:26","guid":{"rendered":"https:\/\/loamics.com\/?page_id=2283"},"modified":"2024-09-27T15:35:09","modified_gmt":"2024-09-27T13:35:09","slug":"datacollect","status":"publish","type":"page","link":"https:\/\/loamics.com\/fr\/notre-solution\/datacollect\/","title":{"rendered":"Data Collect"},"content":{"rendered":"<p><span class=\"TextRun SCXW10941514 BCX0\" lang=\"FR-FR\" xml:lang=\"FR-FR\" data-contrast=\"none\"><span class=\"NormalTextRun SCXW10941514 BCX0\">Notre logiciel de collecte de donn\u00e9es est un syst\u00e8me informatis\u00e9 permettant de r\u00e9colter et de stocker des donn\u00e9es accessibles par voie \u00e9lectronique. Cette solution de collecte de donn\u00e9es pr\u00e9sente plusieurs avantages : elle ne n\u00e9cessite pas de pr\u00e9paration n<\/span><span class=\"NormalTextRun SCXW10941514 BCX0\">i de planification pr\u00e9alable au processus de collecte de donn\u00e9es et elle ing\u00e8re des donn\u00e9es brutes qui peuvent \u00eatre utilis\u00e9es imm\u00e9diatement pour construire des rapports, produire des analyses et mettre \u00e0 jour des tableaux de bord. Notre outil de collecte d<\/span><span class=\"NormalTextRun SCXW10941514 BCX0\">e donn\u00e9es est un substitut efficace \u00e0 la saisie de donn\u00e9es. La collecte de donn\u00e9es mobiles en temps r\u00e9el sert de source de donn\u00e9es pour r\u00e9pondre aux besoins de visualisation des donn\u00e9es des entreprises digitalis\u00e9es.<\/span><\/span><span class=\"EOP SCXW10941514 BCX0\" data-ccp-props=\"{&quot;201341983&quot;:0,&quot;335559738&quot;:280,&quot;335559739&quot;:280,&quot;335559740&quot;:240}\">\u00a0<\/span><\/p>\n","protected":false},"excerpt":{"rendered":"<p>Notre logiciel de collecte de donn\u00e9es est un syst\u00e8me informatis\u00e9 permettant de r\u00e9colter et de stocker des donn\u00e9es accessibles par voie \u00e9lectronique. Cette solution de collecte de donn\u00e9es pr\u00e9sente plusieurs avantages : elle ne n\u00e9cessite pas de pr\u00e9paration ni de planification pr\u00e9alable au processus de collecte de donn\u00e9es et elle ing\u00e8re des donn\u00e9es brutes qui [&hellip;]<\/p>\n","protected":false},"author":7,"featured_media":0,"parent":2287,"menu_order":0,"comment_status":"closed","ping_status":"closed","template":"template-flexible.php","meta":{"_acf_changed":false,"content-type":"","footnotes":""},"class_list":["post-2283","page","type-page","status-publish","hentry"],"acf":[],"yoast_head":"<!-- This site is optimized with the Yoast SEO plugin v27.4 - https:\/\/yoast.com\/product\/yoast-seo-wordpress\/ -->\n<title>Data Collect - Loamics<\/title>\n<meta name=\"description\" content=\"Notre logiciel, totalement interop\u00e9rable, permet la collecte de donn\u00e9es h\u00e9t\u00e9rog\u00e8nes, massives et en temps r\u00e9el.\" \/>\n<meta name=\"robots\" content=\"index, follow, max-snippet:-1, max-image-preview:large, max-video-preview:-1\" \/>\n<link rel=\"canonical\" href=\"https:\/\/loamics.com\/fr\/notre-solution\/datacollect\/\" \/>\n<meta property=\"og:locale\" content=\"fr_FR\" \/>\n<meta property=\"og:type\" content=\"article\" \/>\n<meta property=\"og:title\" content=\"Data Collect - Loamics\" \/>\n<meta property=\"og:description\" content=\"Notre logiciel, totalement interop\u00e9rable, permet la collecte de donn\u00e9es h\u00e9t\u00e9rog\u00e8nes, massives et en temps r\u00e9el.\" \/>\n<meta property=\"og:url\" content=\"https:\/\/loamics.com\/fr\/notre-solution\/datacollect\/\" \/>\n<meta property=\"og:site_name\" content=\"Loamics\" \/>\n<meta property=\"article:modified_time\" content=\"2024-09-27T13:35:09+00:00\" \/>\n<meta name=\"twitter:card\" content=\"summary_large_image\" \/>\n<meta name=\"twitter:label1\" content=\"Dur\u00e9e de lecture estim\u00e9e\" \/>\n\t<meta name=\"twitter:data1\" content=\"1 minute\" \/>\n<script type=\"application\/ld+json\" class=\"yoast-schema-graph\">{\"@context\":\"https:\\\/\\\/schema.org\",\"@graph\":[{\"@type\":\"WebPage\",\"@id\":\"https:\\\/\\\/loamics.com\\\/fr\\\/notre-solution\\\/datacollect\\\/\",\"url\":\"https:\\\/\\\/loamics.com\\\/fr\\\/notre-solution\\\/datacollect\\\/\",\"name\":\"Data Collect - Loamics\",\"isPartOf\":{\"@id\":\"https:\\\/\\\/loamics.com\\\/fr\\\/#website\"},\"datePublished\":\"2022-04-22T09:58:26+00:00\",\"dateModified\":\"2024-09-27T13:35:09+00:00\",\"description\":\"Notre logiciel, totalement interop\u00e9rable, permet la collecte de donn\u00e9es h\u00e9t\u00e9rog\u00e8nes, massives et en temps r\u00e9el.\",\"breadcrumb\":{\"@id\":\"https:\\\/\\\/loamics.com\\\/fr\\\/notre-solution\\\/datacollect\\\/#breadcrumb\"},\"inLanguage\":\"fr-FR\",\"potentialAction\":[{\"@type\":\"ReadAction\",\"target\":[\"https:\\\/\\\/loamics.com\\\/fr\\\/notre-solution\\\/datacollect\\\/\"]}]},{\"@type\":\"BreadcrumbList\",\"@id\":\"https:\\\/\\\/loamics.com\\\/fr\\\/notre-solution\\\/datacollect\\\/#breadcrumb\",\"itemListElement\":[{\"@type\":\"ListItem\",\"position\":1,\"name\":\"Notre solution\",\"item\":\"https:\\\/\\\/loamics.com\\\/fr\\\/notre-solution\\\/\"},{\"@type\":\"ListItem\",\"position\":2,\"name\":\"Data Collect\"}]},{\"@type\":\"WebSite\",\"@id\":\"https:\\\/\\\/loamics.com\\\/fr\\\/#website\",\"url\":\"https:\\\/\\\/loamics.com\\\/fr\\\/\",\"name\":\"Loamics\",\"description\":\"Serving humanking through data\",\"potentialAction\":[{\"@type\":\"SearchAction\",\"target\":{\"@type\":\"EntryPoint\",\"urlTemplate\":\"https:\\\/\\\/loamics.com\\\/fr\\\/?s={search_term_string}\"},\"query-input\":{\"@type\":\"PropertyValueSpecification\",\"valueRequired\":true,\"valueName\":\"search_term_string\"}}],\"inLanguage\":\"fr-FR\"}]}<\/script>\n<!-- \/ Yoast SEO plugin. -->","yoast_head_json":{"title":"Data Collect - Loamics","description":"Notre logiciel, totalement interop\u00e9rable, permet la collecte de donn\u00e9es h\u00e9t\u00e9rog\u00e8nes, massives et en temps r\u00e9el.","robots":{"index":"index","follow":"follow","max-snippet":"max-snippet:-1","max-image-preview":"max-image-preview:large","max-video-preview":"max-video-preview:-1"},"canonical":"https:\/\/loamics.com\/fr\/notre-solution\/datacollect\/","og_locale":"fr_FR","og_type":"article","og_title":"Data Collect - Loamics","og_description":"Notre logiciel, totalement interop\u00e9rable, permet la collecte de donn\u00e9es h\u00e9t\u00e9rog\u00e8nes, massives et en temps r\u00e9el.","og_url":"https:\/\/loamics.com\/fr\/notre-solution\/datacollect\/","og_site_name":"Loamics","article_modified_time":"2024-09-27T13:35:09+00:00","twitter_card":"summary_large_image","twitter_misc":{"Dur\u00e9e de lecture estim\u00e9e":"1 minute"},"schema":{"@context":"https:\/\/schema.org","@graph":[{"@type":"WebPage","@id":"https:\/\/loamics.com\/fr\/notre-solution\/datacollect\/","url":"https:\/\/loamics.com\/fr\/notre-solution\/datacollect\/","name":"Data Collect - Loamics","isPartOf":{"@id":"https:\/\/loamics.com\/fr\/#website"},"datePublished":"2022-04-22T09:58:26+00:00","dateModified":"2024-09-27T13:35:09+00:00","description":"Notre logiciel, totalement interop\u00e9rable, permet la collecte de donn\u00e9es h\u00e9t\u00e9rog\u00e8nes, massives et en temps r\u00e9el.","breadcrumb":{"@id":"https:\/\/loamics.com\/fr\/notre-solution\/datacollect\/#breadcrumb"},"inLanguage":"fr-FR","potentialAction":[{"@type":"ReadAction","target":["https:\/\/loamics.com\/fr\/notre-solution\/datacollect\/"]}]},{"@type":"BreadcrumbList","@id":"https:\/\/loamics.com\/fr\/notre-solution\/datacollect\/#breadcrumb","itemListElement":[{"@type":"ListItem","position":1,"name":"Notre solution","item":"https:\/\/loamics.com\/fr\/notre-solution\/"},{"@type":"ListItem","position":2,"name":"Data Collect"}]},{"@type":"WebSite","@id":"https:\/\/loamics.com\/fr\/#website","url":"https:\/\/loamics.com\/fr\/","name":"Loamics","description":"Serving humanking through data","potentialAction":[{"@type":"SearchAction","target":{"@type":"EntryPoint","urlTemplate":"https:\/\/loamics.com\/fr\/?s={search_term_string}"},"query-input":{"@type":"PropertyValueSpecification","valueRequired":true,"valueName":"search_term_string"}}],"inLanguage":"fr-FR"}]}},"_links":{"self":[{"href":"https:\/\/loamics.com\/fr\/wp-json\/wp\/v2\/pages\/2283","targetHints":{"allow":["GET"]}}],"collection":[{"href":"https:\/\/loamics.com\/fr\/wp-json\/wp\/v2\/pages"}],"about":[{"href":"https:\/\/loamics.com\/fr\/wp-json\/wp\/v2\/types\/page"}],"author":[{"embeddable":true,"href":"https:\/\/loamics.com\/fr\/wp-json\/wp\/v2\/users\/7"}],"replies":[{"embeddable":true,"href":"https:\/\/loamics.com\/fr\/wp-json\/wp\/v2\/comments?post=2283"}],"version-history":[{"count":8,"href":"https:\/\/loamics.com\/fr\/wp-json\/wp\/v2\/pages\/2283\/revisions"}],"predecessor-version":[{"id":2981,"href":"https:\/\/loamics.com\/fr\/wp-json\/wp\/v2\/pages\/2283\/revisions\/2981"}],"up":[{"embeddable":true,"href":"https:\/\/loamics.com\/fr\/wp-json\/wp\/v2\/pages\/2287"}],"wp:attachment":[{"href":"https:\/\/loamics.com\/fr\/wp-json\/wp\/v2\/media?parent=2283"}],"curies":[{"name":"wp","href":"https:\/\/api.w.org\/{rel}","templated":true}]}}