{"id":2287,"date":"2022-04-22T12:22:11","date_gmt":"2022-04-22T10:22:11","guid":{"rendered":"https:\/\/loamics.com\/?page_id=2287"},"modified":"2024-09-27T15:25:01","modified_gmt":"2024-09-27T13:25:01","slug":"notre-solution","status":"publish","type":"page","link":"https:\/\/loamics.com\/fr\/notre-solution\/","title":{"rendered":"Notre solution"},"content":{"rendered":"<p>Loamics<span class=\"TextRun SCXW149160896 BCX0\" lang=\"FR-FR\" xml:lang=\"FR-FR\" data-contrast=\"none\"><span class=\"NormalTextRun SCXW149160896 BCX0\" data-ccp-parastyle=\"Normal (Web)\"> est l\u2019\u00e9diteur de logiciels qui d\u00e9mocratise l\u2019acc\u00e8s aux donn\u00e9es pour en faciliter l\u2019usage. Nos principaux objectifs sont de garantir \u00e0 nos clients la souverainet\u00e9 de leurs donn\u00e9es. Nous leur donnons l\u2019assurance d\u2019une bonne gouvernance quelle que soit leur configuration op\u00e9rationnelle. Notre produit <strong>LOAMICS<\/strong>\u00a0permet une industrialisation efficace de vos donn\u00e9es gr\u00e2ce \u00e0 un niveau remarquablement \u00e9lev\u00e9 d\u2019interop\u00e9rabilit\u00e9 de ses fonctionnalit\u00e9s.<\/span><\/span><\/p>\n","protected":false},"excerpt":{"rendered":"<p>Loamics est l\u2019\u00e9diteur de logiciels qui d\u00e9mocratise l\u2019acc\u00e8s aux donn\u00e9es pour en faciliter l\u2019usage. Nos principaux objectifs sont de garantir \u00e0 nos clients la souverainet\u00e9 de leurs donn\u00e9es. Nous leur donnons l\u2019assurance d\u2019une bonne gouvernance quelle que soit leur configuration op\u00e9rationnelle. Notre produit LOAMICS\u00a0permet une industrialisation efficace de vos donn\u00e9es gr\u00e2ce \u00e0 un niveau remarquablement [&hellip;]<\/p>\n","protected":false},"author":7,"featured_media":0,"parent":0,"menu_order":0,"comment_status":"closed","ping_status":"closed","template":"template-flexible.php","meta":{"_acf_changed":false,"content-type":"","footnotes":""},"class_list":["post-2287","page","type-page","status-publish","hentry"],"acf":[],"yoast_head":"<!-- This site is optimized with the Yoast SEO plugin v27.3 - https:\/\/yoast.com\/product\/yoast-seo-wordpress\/ -->\n<title>Notre solution - Loamics<\/title>\n<meta name=\"description\" content=\"Loamics est une suite logicielle faisant du data science et du big data de v\u00e9ritables leviers de croissance.\" \/>\n<meta name=\"robots\" content=\"index, follow, max-snippet:-1, max-image-preview:large, max-video-preview:-1\" \/>\n<link rel=\"canonical\" href=\"https:\/\/loamics.com\/fr\/notre-solution\/\" \/>\n<meta property=\"og:locale\" content=\"fr_FR\" \/>\n<meta property=\"og:type\" content=\"article\" \/>\n<meta property=\"og:title\" content=\"Notre solution - Loamics\" \/>\n<meta property=\"og:description\" content=\"Loamics est une suite logicielle faisant du data science et du big data de v\u00e9ritables leviers de croissance.\" \/>\n<meta property=\"og:url\" content=\"https:\/\/loamics.com\/fr\/notre-solution\/\" \/>\n<meta property=\"og:site_name\" content=\"Loamics\" \/>\n<meta property=\"article:modified_time\" content=\"2024-09-27T13:25:01+00:00\" \/>\n<meta name=\"twitter:card\" content=\"summary_large_image\" \/>\n<meta name=\"twitter:label1\" content=\"Dur\u00e9e de lecture estim\u00e9e\" \/>\n\t<meta name=\"twitter:data1\" content=\"1 minute\" \/>\n<script type=\"application\/ld+json\" class=\"yoast-schema-graph\">{\"@context\":\"https:\\\/\\\/schema.org\",\"@graph\":[{\"@type\":\"WebPage\",\"@id\":\"https:\\\/\\\/loamics.com\\\/fr\\\/notre-solution\\\/\",\"url\":\"https:\\\/\\\/loamics.com\\\/fr\\\/notre-solution\\\/\",\"name\":\"Notre solution - Loamics\",\"isPartOf\":{\"@id\":\"https:\\\/\\\/loamics.com\\\/fr\\\/#website\"},\"datePublished\":\"2022-04-22T10:22:11+00:00\",\"dateModified\":\"2024-09-27T13:25:01+00:00\",\"description\":\"Loamics est une suite logicielle faisant du data science et du big data de v\u00e9ritables leviers de croissance.\",\"inLanguage\":\"fr-FR\",\"potentialAction\":[{\"@type\":\"ReadAction\",\"target\":[\"https:\\\/\\\/loamics.com\\\/fr\\\/notre-solution\\\/\"]}]},{\"@type\":\"WebSite\",\"@id\":\"https:\\\/\\\/loamics.com\\\/fr\\\/#website\",\"url\":\"https:\\\/\\\/loamics.com\\\/fr\\\/\",\"name\":\"Loamics\",\"description\":\"Serving humanking through data\",\"potentialAction\":[{\"@type\":\"SearchAction\",\"target\":{\"@type\":\"EntryPoint\",\"urlTemplate\":\"https:\\\/\\\/loamics.com\\\/fr\\\/?s={search_term_string}\"},\"query-input\":{\"@type\":\"PropertyValueSpecification\",\"valueRequired\":true,\"valueName\":\"search_term_string\"}}],\"inLanguage\":\"fr-FR\"}]}<\/script>\n<!-- \/ Yoast SEO plugin. -->","yoast_head_json":{"title":"Notre solution - Loamics","description":"Loamics est une suite logicielle faisant du data science et du big data de v\u00e9ritables leviers de croissance.","robots":{"index":"index","follow":"follow","max-snippet":"max-snippet:-1","max-image-preview":"max-image-preview:large","max-video-preview":"max-video-preview:-1"},"canonical":"https:\/\/loamics.com\/fr\/notre-solution\/","og_locale":"fr_FR","og_type":"article","og_title":"Notre solution - Loamics","og_description":"Loamics est une suite logicielle faisant du data science et du big data de v\u00e9ritables leviers de croissance.","og_url":"https:\/\/loamics.com\/fr\/notre-solution\/","og_site_name":"Loamics","article_modified_time":"2024-09-27T13:25:01+00:00","twitter_card":"summary_large_image","twitter_misc":{"Dur\u00e9e de lecture estim\u00e9e":"1 minute"},"schema":{"@context":"https:\/\/schema.org","@graph":[{"@type":"WebPage","@id":"https:\/\/loamics.com\/fr\/notre-solution\/","url":"https:\/\/loamics.com\/fr\/notre-solution\/","name":"Notre solution - Loamics","isPartOf":{"@id":"https:\/\/loamics.com\/fr\/#website"},"datePublished":"2022-04-22T10:22:11+00:00","dateModified":"2024-09-27T13:25:01+00:00","description":"Loamics est une suite logicielle faisant du data science et du big data de v\u00e9ritables leviers de croissance.","inLanguage":"fr-FR","potentialAction":[{"@type":"ReadAction","target":["https:\/\/loamics.com\/fr\/notre-solution\/"]}]},{"@type":"WebSite","@id":"https:\/\/loamics.com\/fr\/#website","url":"https:\/\/loamics.com\/fr\/","name":"Loamics","description":"Serving humanking through data","potentialAction":[{"@type":"SearchAction","target":{"@type":"EntryPoint","urlTemplate":"https:\/\/loamics.com\/fr\/?s={search_term_string}"},"query-input":{"@type":"PropertyValueSpecification","valueRequired":true,"valueName":"search_term_string"}}],"inLanguage":"fr-FR"}]}},"_links":{"self":[{"href":"https:\/\/loamics.com\/fr\/wp-json\/wp\/v2\/pages\/2287","targetHints":{"allow":["GET"]}}],"collection":[{"href":"https:\/\/loamics.com\/fr\/wp-json\/wp\/v2\/pages"}],"about":[{"href":"https:\/\/loamics.com\/fr\/wp-json\/wp\/v2\/types\/page"}],"author":[{"embeddable":true,"href":"https:\/\/loamics.com\/fr\/wp-json\/wp\/v2\/users\/7"}],"replies":[{"embeddable":true,"href":"https:\/\/loamics.com\/fr\/wp-json\/wp\/v2\/comments?post=2287"}],"version-history":[{"count":8,"href":"https:\/\/loamics.com\/fr\/wp-json\/wp\/v2\/pages\/2287\/revisions"}],"predecessor-version":[{"id":2977,"href":"https:\/\/loamics.com\/fr\/wp-json\/wp\/v2\/pages\/2287\/revisions\/2977"}],"wp:attachment":[{"href":"https:\/\/loamics.com\/fr\/wp-json\/wp\/v2\/media?parent=2287"}],"curies":[{"name":"wp","href":"https:\/\/api.w.org\/{rel}","templated":true}]}}