{"id":2293,"date":"2022-04-22T14:10:08","date_gmt":"2022-04-22T12:10:08","guid":{"rendered":"https:\/\/loamics.com\/industries\/healthcare-industry-copy\/"},"modified":"2024-09-27T16:36:25","modified_gmt":"2024-09-27T14:36:25","slug":"donnees-sante","status":"publish","type":"page","link":"https:\/\/loamics.com\/fr\/donnees-sante\/","title":{"rendered":"P4DP : R\u00e9volutionner les soins de sant\u00e9 gr\u00e2ce \u00e0 l&rsquo;exploitation des donn\u00e9es"},"content":{"rendered":"<div class=\"flex max-w-full flex-col flex-grow\">\n<div class=\"min-h-8 text-message flex w-full flex-col items-end gap-2 whitespace-normal break-words [.text-message+&amp;]:mt-5\" dir=\"auto\" data-message-author-role=\"assistant\" data-message-id=\"205b296a-2cd2-4661-b02c-df5c9cb926c8\">\n<div class=\"flex w-full flex-col gap-1 empty:hidden first:pt-[3px]\">\n<div class=\"markdown prose w-full break-words dark:prose-invert light\">\n<p>Le <strong>projet P4DP<\/strong> (Platform for Data in Primary Care) vise \u00e0 cr\u00e9er le premier entrep\u00f4t national de donn\u00e9es de sant\u00e9 pour la m\u00e9decine g\u00e9n\u00e9rale en France. Ce projet, soutenu par le programme <strong>France 2030<\/strong>, centralise des donn\u00e9es r\u00e9elles issues de la m\u00e9decine de ville pour am\u00e9liorer la recherche, la qualit\u00e9 des soins et l&rsquo;innovation dans le secteur de la sant\u00e9. Le projet a remport\u00e9 des prix prestigieux, dont le <strong>Prix Coup de C\u0153ur des Talents de la e-sant\u00e9 2023<\/strong>, r\u00e9compensant son impact novateur dans l&rsquo;exploitation des donn\u00e9es m\u00e9dicales.<\/p>\n<\/div>\n<\/div>\n<\/div>\n<\/div>\n","protected":false},"excerpt":{"rendered":"<p>Le projet P4DP (Platform for Data in Primary Care) vise \u00e0 cr\u00e9er le premier entrep\u00f4t national de donn\u00e9es de sant\u00e9 pour la m\u00e9decine g\u00e9n\u00e9rale en France. Ce projet, soutenu par le programme France 2030, centralise des donn\u00e9es r\u00e9elles issues de la m\u00e9decine de ville pour am\u00e9liorer la recherche, la qualit\u00e9 des soins et l&rsquo;innovation dans [&hellip;]<\/p>\n","protected":false},"author":7,"featured_media":0,"parent":0,"menu_order":0,"comment_status":"closed","ping_status":"closed","template":"template-flexible.php","meta":{"_acf_changed":false,"content-type":"","footnotes":""},"class_list":["post-2293","page","type-page","status-publish","hentry"],"acf":[],"yoast_head":"<!-- This site is optimized with the Yoast SEO plugin v27.4 - https:\/\/yoast.com\/product\/yoast-seo-wordpress\/ -->\n<title>P4DP : R\u00e9volutionner les soins de sant\u00e9 gr\u00e2ce \u00e0 l&#039;exploitation des donn\u00e9es - Loamics<\/title>\n<meta name=\"description\" content=\"L&#039;analyse des donn\u00e9es de sant\u00e9 permet l&#039;am\u00e9lioration du diagnostic et une meilleure prise en charge des patients.\" \/>\n<meta name=\"robots\" content=\"index, follow, max-snippet:-1, max-image-preview:large, max-video-preview:-1\" \/>\n<link rel=\"canonical\" href=\"https:\/\/loamics.com\/fr\/donnees-sante\/\" \/>\n<meta property=\"og:locale\" content=\"fr_FR\" \/>\n<meta property=\"og:type\" content=\"article\" \/>\n<meta property=\"og:title\" content=\"P4DP : R\u00e9volutionner les soins de sant\u00e9 gr\u00e2ce \u00e0 l&#039;exploitation des donn\u00e9es - Loamics\" \/>\n<meta property=\"og:description\" content=\"L&#039;analyse des donn\u00e9es de sant\u00e9 permet l&#039;am\u00e9lioration du diagnostic et une meilleure prise en charge des patients.\" \/>\n<meta property=\"og:url\" content=\"https:\/\/loamics.com\/fr\/donnees-sante\/\" \/>\n<meta property=\"og:site_name\" content=\"Loamics\" \/>\n<meta property=\"article:modified_time\" content=\"2024-09-27T14:36:25+00:00\" \/>\n<meta name=\"twitter:card\" content=\"summary_large_image\" \/>\n<meta name=\"twitter:label1\" content=\"Dur\u00e9e de lecture estim\u00e9e\" \/>\n\t<meta name=\"twitter:data1\" content=\"1 minute\" \/>\n<script type=\"application\/ld+json\" class=\"yoast-schema-graph\">{\"@context\":\"https:\\\/\\\/schema.org\",\"@graph\":[{\"@type\":\"WebPage\",\"@id\":\"https:\\\/\\\/loamics.com\\\/fr\\\/donnees-sante\\\/\",\"url\":\"https:\\\/\\\/loamics.com\\\/fr\\\/donnees-sante\\\/\",\"name\":\"P4DP : R\u00e9volutionner les soins de sant\u00e9 gr\u00e2ce \u00e0 l'exploitation des donn\u00e9es - Loamics\",\"isPartOf\":{\"@id\":\"https:\\\/\\\/loamics.com\\\/fr\\\/#website\"},\"datePublished\":\"2022-04-22T12:10:08+00:00\",\"dateModified\":\"2024-09-27T14:36:25+00:00\",\"description\":\"L'analyse des donn\u00e9es de sant\u00e9 permet l'am\u00e9lioration du diagnostic et une meilleure prise en charge des patients.\",\"inLanguage\":\"fr-FR\",\"potentialAction\":[{\"@type\":\"ReadAction\",\"target\":[\"https:\\\/\\\/loamics.com\\\/fr\\\/donnees-sante\\\/\"]}]},{\"@type\":\"WebSite\",\"@id\":\"https:\\\/\\\/loamics.com\\\/fr\\\/#website\",\"url\":\"https:\\\/\\\/loamics.com\\\/fr\\\/\",\"name\":\"Loamics\",\"description\":\"Serving humanking through data\",\"potentialAction\":[{\"@type\":\"SearchAction\",\"target\":{\"@type\":\"EntryPoint\",\"urlTemplate\":\"https:\\\/\\\/loamics.com\\\/fr\\\/?s={search_term_string}\"},\"query-input\":{\"@type\":\"PropertyValueSpecification\",\"valueRequired\":true,\"valueName\":\"search_term_string\"}}],\"inLanguage\":\"fr-FR\"}]}<\/script>\n<!-- \/ Yoast SEO plugin. -->","yoast_head_json":{"title":"P4DP : R\u00e9volutionner les soins de sant\u00e9 gr\u00e2ce \u00e0 l'exploitation des donn\u00e9es - Loamics","description":"L'analyse des donn\u00e9es de sant\u00e9 permet l'am\u00e9lioration du diagnostic et une meilleure prise en charge des patients.","robots":{"index":"index","follow":"follow","max-snippet":"max-snippet:-1","max-image-preview":"max-image-preview:large","max-video-preview":"max-video-preview:-1"},"canonical":"https:\/\/loamics.com\/fr\/donnees-sante\/","og_locale":"fr_FR","og_type":"article","og_title":"P4DP : R\u00e9volutionner les soins de sant\u00e9 gr\u00e2ce \u00e0 l'exploitation des donn\u00e9es - Loamics","og_description":"L'analyse des donn\u00e9es de sant\u00e9 permet l'am\u00e9lioration du diagnostic et une meilleure prise en charge des patients.","og_url":"https:\/\/loamics.com\/fr\/donnees-sante\/","og_site_name":"Loamics","article_modified_time":"2024-09-27T14:36:25+00:00","twitter_card":"summary_large_image","twitter_misc":{"Dur\u00e9e de lecture estim\u00e9e":"1 minute"},"schema":{"@context":"https:\/\/schema.org","@graph":[{"@type":"WebPage","@id":"https:\/\/loamics.com\/fr\/donnees-sante\/","url":"https:\/\/loamics.com\/fr\/donnees-sante\/","name":"P4DP : R\u00e9volutionner les soins de sant\u00e9 gr\u00e2ce \u00e0 l'exploitation des donn\u00e9es - Loamics","isPartOf":{"@id":"https:\/\/loamics.com\/fr\/#website"},"datePublished":"2022-04-22T12:10:08+00:00","dateModified":"2024-09-27T14:36:25+00:00","description":"L'analyse des donn\u00e9es de sant\u00e9 permet l'am\u00e9lioration du diagnostic et une meilleure prise en charge des patients.","inLanguage":"fr-FR","potentialAction":[{"@type":"ReadAction","target":["https:\/\/loamics.com\/fr\/donnees-sante\/"]}]},{"@type":"WebSite","@id":"https:\/\/loamics.com\/fr\/#website","url":"https:\/\/loamics.com\/fr\/","name":"Loamics","description":"Serving humanking through data","potentialAction":[{"@type":"SearchAction","target":{"@type":"EntryPoint","urlTemplate":"https:\/\/loamics.com\/fr\/?s={search_term_string}"},"query-input":{"@type":"PropertyValueSpecification","valueRequired":true,"valueName":"search_term_string"}}],"inLanguage":"fr-FR"}]}},"_links":{"self":[{"href":"https:\/\/loamics.com\/fr\/wp-json\/wp\/v2\/pages\/2293","targetHints":{"allow":["GET"]}}],"collection":[{"href":"https:\/\/loamics.com\/fr\/wp-json\/wp\/v2\/pages"}],"about":[{"href":"https:\/\/loamics.com\/fr\/wp-json\/wp\/v2\/types\/page"}],"author":[{"embeddable":true,"href":"https:\/\/loamics.com\/fr\/wp-json\/wp\/v2\/users\/7"}],"replies":[{"embeddable":true,"href":"https:\/\/loamics.com\/fr\/wp-json\/wp\/v2\/comments?post=2293"}],"version-history":[{"count":15,"href":"https:\/\/loamics.com\/fr\/wp-json\/wp\/v2\/pages\/2293\/revisions"}],"predecessor-version":[{"id":3006,"href":"https:\/\/loamics.com\/fr\/wp-json\/wp\/v2\/pages\/2293\/revisions\/3006"}],"wp:attachment":[{"href":"https:\/\/loamics.com\/fr\/wp-json\/wp\/v2\/media?parent=2293"}],"curies":[{"name":"wp","href":"https:\/\/api.w.org\/{rel}","templated":true}]}}