{"id":2299,"date":"2022-04-22T14:37:50","date_gmt":"2022-04-22T12:37:50","guid":{"rendered":"https:\/\/loamics.com\/industries\/data-analytics-in-financial-services-copy\/"},"modified":"2022-06-21T10:23:55","modified_gmt":"2022-06-21T08:23:55","slug":"analyse-de-donnees-dans-services-financiers","status":"publish","type":"page","link":"https:\/\/loamics.com\/fr\/analyse-de-donnees-dans-services-financiers\/","title":{"rendered":"L&rsquo;analyse de donn\u00e9es dans les services financiers"},"content":{"rendered":"<p><span class=\"TextRun SCXW121666755 BCX8\" lang=\"FR-FR\" xml:lang=\"FR-FR\" data-contrast=\"none\"><span class=\"NormalTextRun SCXW121666755 BCX8\">L&rsquo;<strong>analyse de donn\u00e9es<\/strong> est une ressource essentielle pour les entreprises de services financiers. Les institutions financi\u00e8res sont en effet pr\u00e9curseurs dans l&rsquo;utilisation du <\/span><strong><span class=\"NormalTextRun SCXW121666755 BCX8\">Big<\/span><\/strong><span class=\"NormalTextRun SCXW121666755 BCX8\"><strong> Data<\/strong>, de ses m\u00e9thodes et de ses outils. Les banques et les institutions financi<\/span><span class=\"NormalTextRun SCXW121666755 BCX8\">\u00e8res traitent quotidiennement de grandes quantit\u00e9s de donn\u00e9es gr\u00e2ce aux algorithmes et \u00e0 l&rsquo;<strong>intelligence artificielle<\/strong>, afin de mieux r\u00e9pondre aux besoins des clients. Cela leur permet de d\u00e9finir pr\u00e9cis\u00e9ment leur <\/span><\/span><span class=\"TextRun SCXW121666755 BCX8\" lang=\"FR-FR\" xml:lang=\"FR-FR\" data-contrast=\"auto\"><span class=\"NormalTextRun SCXW121666755 BCX8\">profil <\/span><\/span><span class=\"TextRun SCXW121666755 BCX8\" lang=\"FR-FR\" xml:lang=\"FR-FR\" data-contrast=\"none\"><span class=\"NormalTextRun SCXW121666755 BCX8\">financier en tant qu&rsquo;investisseurs ou <\/span><span class=\"NormalTextRun SCXW121666755 BCX8\">consommateurs. <\/span><\/span><\/p>\n<p><span class=\"TextRun SCXW121666755 BCX8\" lang=\"FR-FR\" xml:lang=\"FR-FR\" data-contrast=\"none\"><span class=\"NormalTextRun SCXW121666755 BCX8\">L&rsquo;<strong>analyse de donn\u00e9es<\/strong> pour le secteur des services financiers est \u00e9galement utilis\u00e9e pour <strong>limiter les risques op\u00e9rationnels<\/strong> en d\u00e9tectant \u00e0 l&rsquo;avance les op\u00e9rations risqu\u00e9es ou co\u00fbteuses. L&rsquo;analyse de donn\u00e9es permet \u00e9galement de <strong>d\u00e9tecter les fr<\/strong><\/span><span class=\"NormalTextRun SCXW121666755 BCX8\"><strong>audes<\/strong> en identifiant les transactions frauduleuses et en garantissant le respect des r\u00e9glementations nationales et internationales.<\/span><\/span><\/p>\n<p><span class=\"TextRun SCXW121666755 BCX8\" lang=\"FR-FR\" xml:lang=\"FR-FR\" data-contrast=\"none\"><span class=\"NormalTextRun SCXW121666755 BCX8\"> <strong>LOAMICS-Suite<\/strong> se compose de trois modules d\u00e9di\u00e9s \u00e0 la collecte, au stockage s\u00e9curis\u00e9 et au traitement des ensembles de donn\u00e9<\/span><span class=\"NormalTextRun SCXW121666755 BCX8\">es des services financiers.<\/span><\/span><span class=\"EOP SCXW121666755 BCX8\" data-ccp-props=\"{&quot;201341983&quot;:0,&quot;335559739&quot;:200,&quot;335559740&quot;:276}\">\u00a0<\/span><\/p>\n","protected":false},"excerpt":{"rendered":"<p>L&rsquo;analyse de donn\u00e9es est une ressource essentielle pour les entreprises de services financiers. Les institutions financi\u00e8res sont en effet pr\u00e9curseurs dans l&rsquo;utilisation du Big Data, de ses m\u00e9thodes et de ses outils. Les banques et les institutions financi\u00e8res traitent quotidiennement de grandes quantit\u00e9s de donn\u00e9es gr\u00e2ce aux algorithmes et \u00e0 l&rsquo;intelligence artificielle, afin de mieux [&hellip;]<\/p>\n","protected":false},"author":7,"featured_media":0,"parent":0,"menu_order":0,"comment_status":"closed","ping_status":"closed","template":"template-flexible.php","meta":{"_acf_changed":false,"content-type":"","footnotes":""},"class_list":["post-2299","page","type-page","status-publish","hentry"],"acf":[],"yoast_head":"<!-- This site is optimized with the Yoast SEO plugin v27.3 - https:\/\/yoast.com\/product\/yoast-seo-wordpress\/ -->\n<title>L&#039;analyse de donn\u00e9es dans les services financiers - Loamics<\/title>\n<meta name=\"description\" content=\"L&#039;analyse de donn\u00e9es permet aux services financiers de caract\u00e9riser les besoins de leurs clients, tout en d\u00e9tectant les fraudes.\" \/>\n<meta name=\"robots\" content=\"index, follow, max-snippet:-1, max-image-preview:large, max-video-preview:-1\" \/>\n<link rel=\"canonical\" href=\"https:\/\/loamics.com\/fr\/analyse-de-donnees-dans-services-financiers\/\" \/>\n<meta property=\"og:locale\" content=\"fr_FR\" \/>\n<meta property=\"og:type\" content=\"article\" \/>\n<meta property=\"og:title\" content=\"L&#039;analyse de donn\u00e9es dans les services financiers - Loamics\" \/>\n<meta property=\"og:description\" content=\"L&#039;analyse de donn\u00e9es permet aux services financiers de caract\u00e9riser les besoins de leurs clients, tout en d\u00e9tectant les fraudes.\" \/>\n<meta property=\"og:url\" content=\"https:\/\/loamics.com\/fr\/analyse-de-donnees-dans-services-financiers\/\" \/>\n<meta property=\"og:site_name\" content=\"Loamics\" \/>\n<meta property=\"article:modified_time\" content=\"2022-06-21T08:23:55+00:00\" \/>\n<meta name=\"twitter:card\" content=\"summary_large_image\" \/>\n<meta name=\"twitter:label1\" content=\"Dur\u00e9e de lecture estim\u00e9e\" \/>\n\t<meta name=\"twitter:data1\" content=\"1 minute\" \/>\n<script type=\"application\/ld+json\" class=\"yoast-schema-graph\">{\"@context\":\"https:\\\/\\\/schema.org\",\"@graph\":[{\"@type\":\"WebPage\",\"@id\":\"https:\\\/\\\/loamics.com\\\/fr\\\/analyse-de-donnees-dans-services-financiers\\\/\",\"url\":\"https:\\\/\\\/loamics.com\\\/fr\\\/analyse-de-donnees-dans-services-financiers\\\/\",\"name\":\"L'analyse de donn\u00e9es dans les services financiers - Loamics\",\"isPartOf\":{\"@id\":\"https:\\\/\\\/loamics.com\\\/fr\\\/#website\"},\"datePublished\":\"2022-04-22T12:37:50+00:00\",\"dateModified\":\"2022-06-21T08:23:55+00:00\",\"description\":\"L'analyse de donn\u00e9es permet aux services financiers de caract\u00e9riser les besoins de leurs clients, tout en d\u00e9tectant les fraudes.\",\"inLanguage\":\"fr-FR\",\"potentialAction\":[{\"@type\":\"ReadAction\",\"target\":[\"https:\\\/\\\/loamics.com\\\/fr\\\/analyse-de-donnees-dans-services-financiers\\\/\"]}]},{\"@type\":\"WebSite\",\"@id\":\"https:\\\/\\\/loamics.com\\\/fr\\\/#website\",\"url\":\"https:\\\/\\\/loamics.com\\\/fr\\\/\",\"name\":\"Loamics\",\"description\":\"Serving humanking through data\",\"potentialAction\":[{\"@type\":\"SearchAction\",\"target\":{\"@type\":\"EntryPoint\",\"urlTemplate\":\"https:\\\/\\\/loamics.com\\\/fr\\\/?s={search_term_string}\"},\"query-input\":{\"@type\":\"PropertyValueSpecification\",\"valueRequired\":true,\"valueName\":\"search_term_string\"}}],\"inLanguage\":\"fr-FR\"}]}<\/script>\n<!-- \/ Yoast SEO plugin. -->","yoast_head_json":{"title":"L'analyse de donn\u00e9es dans les services financiers - Loamics","description":"L'analyse de donn\u00e9es permet aux services financiers de caract\u00e9riser les besoins de leurs clients, tout en d\u00e9tectant les fraudes.","robots":{"index":"index","follow":"follow","max-snippet":"max-snippet:-1","max-image-preview":"max-image-preview:large","max-video-preview":"max-video-preview:-1"},"canonical":"https:\/\/loamics.com\/fr\/analyse-de-donnees-dans-services-financiers\/","og_locale":"fr_FR","og_type":"article","og_title":"L'analyse de donn\u00e9es dans les services financiers - Loamics","og_description":"L'analyse de donn\u00e9es permet aux services financiers de caract\u00e9riser les besoins de leurs clients, tout en d\u00e9tectant les fraudes.","og_url":"https:\/\/loamics.com\/fr\/analyse-de-donnees-dans-services-financiers\/","og_site_name":"Loamics","article_modified_time":"2022-06-21T08:23:55+00:00","twitter_card":"summary_large_image","twitter_misc":{"Dur\u00e9e de lecture estim\u00e9e":"1 minute"},"schema":{"@context":"https:\/\/schema.org","@graph":[{"@type":"WebPage","@id":"https:\/\/loamics.com\/fr\/analyse-de-donnees-dans-services-financiers\/","url":"https:\/\/loamics.com\/fr\/analyse-de-donnees-dans-services-financiers\/","name":"L'analyse de donn\u00e9es dans les services financiers - Loamics","isPartOf":{"@id":"https:\/\/loamics.com\/fr\/#website"},"datePublished":"2022-04-22T12:37:50+00:00","dateModified":"2022-06-21T08:23:55+00:00","description":"L'analyse de donn\u00e9es permet aux services financiers de caract\u00e9riser les besoins de leurs clients, tout en d\u00e9tectant les fraudes.","inLanguage":"fr-FR","potentialAction":[{"@type":"ReadAction","target":["https:\/\/loamics.com\/fr\/analyse-de-donnees-dans-services-financiers\/"]}]},{"@type":"WebSite","@id":"https:\/\/loamics.com\/fr\/#website","url":"https:\/\/loamics.com\/fr\/","name":"Loamics","description":"Serving humanking through data","potentialAction":[{"@type":"SearchAction","target":{"@type":"EntryPoint","urlTemplate":"https:\/\/loamics.com\/fr\/?s={search_term_string}"},"query-input":{"@type":"PropertyValueSpecification","valueRequired":true,"valueName":"search_term_string"}}],"inLanguage":"fr-FR"}]}},"_links":{"self":[{"href":"https:\/\/loamics.com\/fr\/wp-json\/wp\/v2\/pages\/2299","targetHints":{"allow":["GET"]}}],"collection":[{"href":"https:\/\/loamics.com\/fr\/wp-json\/wp\/v2\/pages"}],"about":[{"href":"https:\/\/loamics.com\/fr\/wp-json\/wp\/v2\/types\/page"}],"author":[{"embeddable":true,"href":"https:\/\/loamics.com\/fr\/wp-json\/wp\/v2\/users\/7"}],"replies":[{"embeddable":true,"href":"https:\/\/loamics.com\/fr\/wp-json\/wp\/v2\/comments?post=2299"}],"version-history":[{"count":5,"href":"https:\/\/loamics.com\/fr\/wp-json\/wp\/v2\/pages\/2299\/revisions"}],"predecessor-version":[{"id":2878,"href":"https:\/\/loamics.com\/fr\/wp-json\/wp\/v2\/pages\/2299\/revisions\/2878"}],"wp:attachment":[{"href":"https:\/\/loamics.com\/fr\/wp-json\/wp\/v2\/media?parent=2299"}],"curies":[{"name":"wp","href":"https:\/\/api.w.org\/{rel}","templated":true}]}}