{"id":2306,"date":"2021-11-22T11:34:31","date_gmt":"2021-11-22T10:34:31","guid":{"rendered":"https:\/\/loamics.com\/logiciel-loamics\/algoengine\/"},"modified":"2024-09-27T15:37:04","modified_gmt":"2024-09-27T13:37:04","slug":"algoengine","status":"publish","type":"page","link":"https:\/\/loamics.com\/fr\/notre-solution\/algoengine\/","title":{"rendered":"AlgoEngine"},"content":{"rendered":"<p><span class=\"TextRun SCXW268073875 BCX0\" lang=\"FR-FR\" xml:lang=\"FR-FR\" data-contrast=\"none\"><span class=\"NormalTextRun SCXW268073875 BCX0\" data-ccp-parastyle=\"Normal (Web)\">Opter pour le <strong>LOAMICS-<\/strong><\/span><strong><span class=\"NormalTextRun SpellingErrorV2 SCXW268073875 BCX0\" data-ccp-parastyle=\"Normal (Web)\">AlgoEngine<\/span><\/strong><span class=\"NormalTextRun SCXW268073875 BCX0\" data-ccp-parastyle=\"Normal (Web)\"> pour l&rsquo;ing\u00e9nierie de vos donn\u00e9es, c&rsquo;est r\u00e9duire le nombre de vos contacts techniques. Cette simplification a un impact technologique sur le d\u00e9ploiement de vos solutions. Vous avez moins d&rsquo;outils \u00e0 utiliser, l&rsquo;assistance aux collaborateurs est r\u00e9duite, et la maintenance est moins complexe. Cette simplification \u00e0 plusieurs niveaux permet une meilleure interop\u00e9rabilit\u00e9. <\/span><span class=\"NormalTextRun SpellingErrorV2 SCXW268073875 BCX0\" data-ccp-parastyle=\"Normal (Web)\">AlgoEngine<\/span><span class=\"NormalTextRun SCXW268073875 BCX0\" data-ccp-parastyle=\"Normal (Web)\"> offre un acc\u00e8s pertinent aux donn\u00e9es en termes d&rsquo;utilisation et de contr\u00f4le. Cette aide \u00e0 la d\u00e9cision facilit\u00e9e augmente le niveau de ROI en termes de temps et d&rsquo;outils. La s\u00e9curit\u00e9 de l&rsquo;ensemble est renforc\u00e9e par celle du cloud.<\/span><\/span><span class=\"EOP SCXW268073875 BCX0\" data-ccp-props=\"{&quot;134233117&quot;:true,&quot;134233118&quot;:true,&quot;201341983&quot;:0,&quot;335559740&quot;:240}\">\u00a0<\/span><\/p>\n","protected":false},"excerpt":{"rendered":"<p>Opter pour le LOAMICS-AlgoEngine pour l&rsquo;ing\u00e9nierie de vos donn\u00e9es, c&rsquo;est r\u00e9duire le nombre de vos contacts techniques. Cette simplification a un impact technologique sur le d\u00e9ploiement de vos solutions. Vous avez moins d&rsquo;outils \u00e0 utiliser, l&rsquo;assistance aux collaborateurs est r\u00e9duite, et la maintenance est moins complexe. Cette simplification \u00e0 plusieurs niveaux permet une meilleure interop\u00e9rabilit\u00e9. [&hellip;]<\/p>\n","protected":false},"author":7,"featured_media":0,"parent":2287,"menu_order":0,"comment_status":"closed","ping_status":"closed","template":"template-flexible.php","meta":{"_acf_changed":false,"content-type":"","footnotes":""},"class_list":["post-2306","page","type-page","status-publish","hentry"],"acf":[],"yoast_head":"<!-- This site is optimized with the Yoast SEO plugin v27.3 - https:\/\/yoast.com\/product\/yoast-seo-wordpress\/ -->\n<title>AlgoEngine - Loamics<\/title>\n<meta name=\"description\" content=\"AlgoEngine : G\u00e9rer un workflow et une biblioth\u00e8que d&#039;algorithmes qui peuvent \u00eatre enrichis en permanence en industrialisant le processus.\" \/>\n<meta name=\"robots\" content=\"index, follow, max-snippet:-1, max-image-preview:large, max-video-preview:-1\" \/>\n<link rel=\"canonical\" href=\"https:\/\/loamics.com\/fr\/notre-solution\/algoengine\/\" \/>\n<meta property=\"og:locale\" content=\"fr_FR\" \/>\n<meta property=\"og:type\" content=\"article\" \/>\n<meta property=\"og:title\" content=\"AlgoEngine - Loamics\" \/>\n<meta property=\"og:description\" content=\"AlgoEngine : G\u00e9rer un workflow et une biblioth\u00e8que d&#039;algorithmes qui peuvent \u00eatre enrichis en permanence en industrialisant le processus.\" \/>\n<meta property=\"og:url\" content=\"https:\/\/loamics.com\/fr\/notre-solution\/algoengine\/\" \/>\n<meta property=\"og:site_name\" content=\"Loamics\" \/>\n<meta property=\"article:modified_time\" content=\"2024-09-27T13:37:04+00:00\" \/>\n<meta name=\"twitter:card\" content=\"summary_large_image\" \/>\n<meta name=\"twitter:label1\" content=\"Dur\u00e9e de lecture estim\u00e9e\" \/>\n\t<meta name=\"twitter:data1\" content=\"1 minute\" \/>\n<script type=\"application\/ld+json\" class=\"yoast-schema-graph\">{\"@context\":\"https:\\\/\\\/schema.org\",\"@graph\":[{\"@type\":\"WebPage\",\"@id\":\"https:\\\/\\\/loamics.com\\\/fr\\\/notre-solution\\\/algoengine\\\/\",\"url\":\"https:\\\/\\\/loamics.com\\\/fr\\\/notre-solution\\\/algoengine\\\/\",\"name\":\"AlgoEngine - Loamics\",\"isPartOf\":{\"@id\":\"https:\\\/\\\/loamics.com\\\/fr\\\/#website\"},\"datePublished\":\"2021-11-22T10:34:31+00:00\",\"dateModified\":\"2024-09-27T13:37:04+00:00\",\"description\":\"AlgoEngine : G\u00e9rer un workflow et une biblioth\u00e8que d'algorithmes qui peuvent \u00eatre enrichis en permanence en industrialisant le processus.\",\"breadcrumb\":{\"@id\":\"https:\\\/\\\/loamics.com\\\/fr\\\/notre-solution\\\/algoengine\\\/#breadcrumb\"},\"inLanguage\":\"fr-FR\",\"potentialAction\":[{\"@type\":\"ReadAction\",\"target\":[\"https:\\\/\\\/loamics.com\\\/fr\\\/notre-solution\\\/algoengine\\\/\"]}]},{\"@type\":\"BreadcrumbList\",\"@id\":\"https:\\\/\\\/loamics.com\\\/fr\\\/notre-solution\\\/algoengine\\\/#breadcrumb\",\"itemListElement\":[{\"@type\":\"ListItem\",\"position\":1,\"name\":\"Notre solution\",\"item\":\"https:\\\/\\\/loamics.com\\\/fr\\\/notre-solution\\\/\"},{\"@type\":\"ListItem\",\"position\":2,\"name\":\"AlgoEngine\"}]},{\"@type\":\"WebSite\",\"@id\":\"https:\\\/\\\/loamics.com\\\/fr\\\/#website\",\"url\":\"https:\\\/\\\/loamics.com\\\/fr\\\/\",\"name\":\"Loamics\",\"description\":\"Serving humanking through data\",\"potentialAction\":[{\"@type\":\"SearchAction\",\"target\":{\"@type\":\"EntryPoint\",\"urlTemplate\":\"https:\\\/\\\/loamics.com\\\/fr\\\/?s={search_term_string}\"},\"query-input\":{\"@type\":\"PropertyValueSpecification\",\"valueRequired\":true,\"valueName\":\"search_term_string\"}}],\"inLanguage\":\"fr-FR\"}]}<\/script>\n<!-- \/ Yoast SEO plugin. -->","yoast_head_json":{"title":"AlgoEngine - Loamics","description":"AlgoEngine : G\u00e9rer un workflow et une biblioth\u00e8que d'algorithmes qui peuvent \u00eatre enrichis en permanence en industrialisant le processus.","robots":{"index":"index","follow":"follow","max-snippet":"max-snippet:-1","max-image-preview":"max-image-preview:large","max-video-preview":"max-video-preview:-1"},"canonical":"https:\/\/loamics.com\/fr\/notre-solution\/algoengine\/","og_locale":"fr_FR","og_type":"article","og_title":"AlgoEngine - Loamics","og_description":"AlgoEngine : G\u00e9rer un workflow et une biblioth\u00e8que d'algorithmes qui peuvent \u00eatre enrichis en permanence en industrialisant le processus.","og_url":"https:\/\/loamics.com\/fr\/notre-solution\/algoengine\/","og_site_name":"Loamics","article_modified_time":"2024-09-27T13:37:04+00:00","twitter_card":"summary_large_image","twitter_misc":{"Dur\u00e9e de lecture estim\u00e9e":"1 minute"},"schema":{"@context":"https:\/\/schema.org","@graph":[{"@type":"WebPage","@id":"https:\/\/loamics.com\/fr\/notre-solution\/algoengine\/","url":"https:\/\/loamics.com\/fr\/notre-solution\/algoengine\/","name":"AlgoEngine - Loamics","isPartOf":{"@id":"https:\/\/loamics.com\/fr\/#website"},"datePublished":"2021-11-22T10:34:31+00:00","dateModified":"2024-09-27T13:37:04+00:00","description":"AlgoEngine : G\u00e9rer un workflow et une biblioth\u00e8que d'algorithmes qui peuvent \u00eatre enrichis en permanence en industrialisant le processus.","breadcrumb":{"@id":"https:\/\/loamics.com\/fr\/notre-solution\/algoengine\/#breadcrumb"},"inLanguage":"fr-FR","potentialAction":[{"@type":"ReadAction","target":["https:\/\/loamics.com\/fr\/notre-solution\/algoengine\/"]}]},{"@type":"BreadcrumbList","@id":"https:\/\/loamics.com\/fr\/notre-solution\/algoengine\/#breadcrumb","itemListElement":[{"@type":"ListItem","position":1,"name":"Notre solution","item":"https:\/\/loamics.com\/fr\/notre-solution\/"},{"@type":"ListItem","position":2,"name":"AlgoEngine"}]},{"@type":"WebSite","@id":"https:\/\/loamics.com\/fr\/#website","url":"https:\/\/loamics.com\/fr\/","name":"Loamics","description":"Serving humanking through data","potentialAction":[{"@type":"SearchAction","target":{"@type":"EntryPoint","urlTemplate":"https:\/\/loamics.com\/fr\/?s={search_term_string}"},"query-input":{"@type":"PropertyValueSpecification","valueRequired":true,"valueName":"search_term_string"}}],"inLanguage":"fr-FR"}]}},"_links":{"self":[{"href":"https:\/\/loamics.com\/fr\/wp-json\/wp\/v2\/pages\/2306","targetHints":{"allow":["GET"]}}],"collection":[{"href":"https:\/\/loamics.com\/fr\/wp-json\/wp\/v2\/pages"}],"about":[{"href":"https:\/\/loamics.com\/fr\/wp-json\/wp\/v2\/types\/page"}],"author":[{"embeddable":true,"href":"https:\/\/loamics.com\/fr\/wp-json\/wp\/v2\/users\/7"}],"replies":[{"embeddable":true,"href":"https:\/\/loamics.com\/fr\/wp-json\/wp\/v2\/comments?post=2306"}],"version-history":[{"count":5,"href":"https:\/\/loamics.com\/fr\/wp-json\/wp\/v2\/pages\/2306\/revisions"}],"predecessor-version":[{"id":2984,"href":"https:\/\/loamics.com\/fr\/wp-json\/wp\/v2\/pages\/2306\/revisions\/2984"}],"up":[{"embeddable":true,"href":"https:\/\/loamics.com\/fr\/wp-json\/wp\/v2\/pages\/2287"}],"wp:attachment":[{"href":"https:\/\/loamics.com\/fr\/wp-json\/wp\/v2\/media?parent=2306"}],"curies":[{"name":"wp","href":"https:\/\/api.w.org\/{rel}","templated":true}]}}