{"id":2310,"date":"2022-04-22T16:39:36","date_gmt":"2022-04-22T14:39:36","guid":{"rendered":"https:\/\/loamics.com\/industries\/data-analytics-for-manufacturing-industry-copy\/"},"modified":"2022-06-21T14:08:11","modified_gmt":"2022-06-21T12:08:11","slug":"analyse-de-donnees-pour-industrie-manufacturiere","status":"publish","type":"page","link":"https:\/\/loamics.com\/fr\/analyse-de-donnees-pour-industrie-manufacturiere\/","title":{"rendered":"Industrie 4.0"},"content":{"rendered":"<p><span class=\"TextRun SCXW60921797 BCX8\" lang=\"FR-FR\" xml:lang=\"FR-FR\" data-contrast=\"auto\"><span class=\"NormalTextRun SCXW60921797 BCX8\">L&rsquo;<strong>act<\/strong><\/span><span class=\"NormalTextRun SCXW60921797 BCX8\"><strong>ivit\u00e9 de fabrication<\/strong> n&rsquo;\u00e9chappe pas aux profondes transformations qui touchent toutes les activit\u00e9s professionnelles de l&rsquo;<strong>usine<\/strong>. En fait, la <strong>manufacture<\/strong> subit sa transformation num\u00e9rique au moment m\u00eame o\u00f9 l&rsquo;<strong>industrie<\/strong> passe \u00e0 la version 4.0. La quatri\u00e8me r\u00e9v<\/span><span class=\"NormalTextRun SCXW60921797 BCX8\">olution industrielle repose sur l&rsquo;automatisation, la robotisation et l&rsquo;utilisation intensive des donn\u00e9es. L&rsquo;<strong>analyse des donn\u00e9es<\/strong> pour les <strong>entreprises manufacturi\u00e8res<\/strong> est un cas \u00e9mergent d&rsquo;utilisation de la <strong>science des donn\u00e9es<\/strong>. Elle est appel\u00e9e \u00e0 changer rad<\/span><span class=\"NormalTextRun SCXW60921797 BCX8\">icalement toutes les activit\u00e9s du secteur, avec des avantages pour tous les acteurs. <strong>LOAMICS-Suite<\/strong> Totale les accompagne \u00e0 travers ses 3 modules d\u00e9di\u00e9s \u00e0 l&rsquo;acc\u00e9l\u00e9ration de leurs activit\u00e9s gr\u00e2ce \u00e0 l&rsquo;intelligence artificielle. <\/span><\/span><span class=\"EOP SCXW60921797 BCX8\" data-ccp-props=\"{&quot;201341983&quot;:0,&quot;335559739&quot;:200,&quot;335559740&quot;:276}\">\u00a0<\/span><\/p>\n","protected":false},"excerpt":{"rendered":"<p>L&rsquo;activit\u00e9 de fabrication n&rsquo;\u00e9chappe pas aux profondes transformations qui touchent toutes les activit\u00e9s professionnelles de l&rsquo;usine. En fait, la manufacture subit sa transformation num\u00e9rique au moment m\u00eame o\u00f9 l&rsquo;industrie passe \u00e0 la version 4.0. La quatri\u00e8me r\u00e9volution industrielle repose sur l&rsquo;automatisation, la robotisation et l&rsquo;utilisation intensive des donn\u00e9es. L&rsquo;analyse des donn\u00e9es pour les entreprises manufacturi\u00e8res [&hellip;]<\/p>\n","protected":false},"author":7,"featured_media":0,"parent":0,"menu_order":0,"comment_status":"closed","ping_status":"closed","template":"template-flexible.php","meta":{"_acf_changed":false,"content-type":"","footnotes":""},"class_list":["post-2310","page","type-page","status-publish","hentry"],"acf":[],"yoast_head":"<!-- This site is optimized with the Yoast SEO plugin v27.4 - https:\/\/yoast.com\/product\/yoast-seo-wordpress\/ -->\n<title>Industrie 4.0 - Loamics<\/title>\n<meta name=\"description\" content=\"L&#039;analyse des donn\u00e9es est un levier majeur de performance pour une industrie hyper connect\u00e9e, dont le volume de donn\u00e9es ne cesse d&#039;augmenter.\" \/>\n<meta name=\"robots\" content=\"index, follow, max-snippet:-1, max-image-preview:large, max-video-preview:-1\" \/>\n<link rel=\"canonical\" href=\"https:\/\/loamics.com\/fr\/analyse-de-donnees-pour-industrie-manufacturiere\/\" \/>\n<meta property=\"og:locale\" content=\"fr_FR\" \/>\n<meta property=\"og:type\" content=\"article\" \/>\n<meta property=\"og:title\" content=\"Industrie 4.0 - Loamics\" \/>\n<meta property=\"og:description\" content=\"L&#039;analyse des donn\u00e9es est un levier majeur de performance pour une industrie hyper connect\u00e9e, dont le volume de donn\u00e9es ne cesse d&#039;augmenter.\" \/>\n<meta property=\"og:url\" content=\"https:\/\/loamics.com\/fr\/analyse-de-donnees-pour-industrie-manufacturiere\/\" \/>\n<meta property=\"og:site_name\" content=\"Loamics\" \/>\n<meta property=\"article:modified_time\" content=\"2022-06-21T12:08:11+00:00\" \/>\n<meta name=\"twitter:card\" content=\"summary_large_image\" \/>\n<meta name=\"twitter:label1\" content=\"Dur\u00e9e de lecture estim\u00e9e\" \/>\n\t<meta name=\"twitter:data1\" content=\"1 minute\" \/>\n<script type=\"application\/ld+json\" class=\"yoast-schema-graph\">{\"@context\":\"https:\\\/\\\/schema.org\",\"@graph\":[{\"@type\":\"WebPage\",\"@id\":\"https:\\\/\\\/loamics.com\\\/fr\\\/analyse-de-donnees-pour-industrie-manufacturiere\\\/\",\"url\":\"https:\\\/\\\/loamics.com\\\/fr\\\/analyse-de-donnees-pour-industrie-manufacturiere\\\/\",\"name\":\"Industrie 4.0 - Loamics\",\"isPartOf\":{\"@id\":\"https:\\\/\\\/loamics.com\\\/fr\\\/#website\"},\"datePublished\":\"2022-04-22T14:39:36+00:00\",\"dateModified\":\"2022-06-21T12:08:11+00:00\",\"description\":\"L'analyse des donn\u00e9es est un levier majeur de performance pour une industrie hyper connect\u00e9e, dont le volume de donn\u00e9es ne cesse d'augmenter.\",\"inLanguage\":\"fr-FR\",\"potentialAction\":[{\"@type\":\"ReadAction\",\"target\":[\"https:\\\/\\\/loamics.com\\\/fr\\\/analyse-de-donnees-pour-industrie-manufacturiere\\\/\"]}]},{\"@type\":\"WebSite\",\"@id\":\"https:\\\/\\\/loamics.com\\\/fr\\\/#website\",\"url\":\"https:\\\/\\\/loamics.com\\\/fr\\\/\",\"name\":\"Loamics\",\"description\":\"Serving humanking through data\",\"potentialAction\":[{\"@type\":\"SearchAction\",\"target\":{\"@type\":\"EntryPoint\",\"urlTemplate\":\"https:\\\/\\\/loamics.com\\\/fr\\\/?s={search_term_string}\"},\"query-input\":{\"@type\":\"PropertyValueSpecification\",\"valueRequired\":true,\"valueName\":\"search_term_string\"}}],\"inLanguage\":\"fr-FR\"}]}<\/script>\n<!-- \/ Yoast SEO plugin. -->","yoast_head_json":{"title":"Industrie 4.0 - Loamics","description":"L'analyse des donn\u00e9es est un levier majeur de performance pour une industrie hyper connect\u00e9e, dont le volume de donn\u00e9es ne cesse d'augmenter.","robots":{"index":"index","follow":"follow","max-snippet":"max-snippet:-1","max-image-preview":"max-image-preview:large","max-video-preview":"max-video-preview:-1"},"canonical":"https:\/\/loamics.com\/fr\/analyse-de-donnees-pour-industrie-manufacturiere\/","og_locale":"fr_FR","og_type":"article","og_title":"Industrie 4.0 - Loamics","og_description":"L'analyse des donn\u00e9es est un levier majeur de performance pour une industrie hyper connect\u00e9e, dont le volume de donn\u00e9es ne cesse d'augmenter.","og_url":"https:\/\/loamics.com\/fr\/analyse-de-donnees-pour-industrie-manufacturiere\/","og_site_name":"Loamics","article_modified_time":"2022-06-21T12:08:11+00:00","twitter_card":"summary_large_image","twitter_misc":{"Dur\u00e9e de lecture estim\u00e9e":"1 minute"},"schema":{"@context":"https:\/\/schema.org","@graph":[{"@type":"WebPage","@id":"https:\/\/loamics.com\/fr\/analyse-de-donnees-pour-industrie-manufacturiere\/","url":"https:\/\/loamics.com\/fr\/analyse-de-donnees-pour-industrie-manufacturiere\/","name":"Industrie 4.0 - Loamics","isPartOf":{"@id":"https:\/\/loamics.com\/fr\/#website"},"datePublished":"2022-04-22T14:39:36+00:00","dateModified":"2022-06-21T12:08:11+00:00","description":"L'analyse des donn\u00e9es est un levier majeur de performance pour une industrie hyper connect\u00e9e, dont le volume de donn\u00e9es ne cesse d'augmenter.","inLanguage":"fr-FR","potentialAction":[{"@type":"ReadAction","target":["https:\/\/loamics.com\/fr\/analyse-de-donnees-pour-industrie-manufacturiere\/"]}]},{"@type":"WebSite","@id":"https:\/\/loamics.com\/fr\/#website","url":"https:\/\/loamics.com\/fr\/","name":"Loamics","description":"Serving humanking through data","potentialAction":[{"@type":"SearchAction","target":{"@type":"EntryPoint","urlTemplate":"https:\/\/loamics.com\/fr\/?s={search_term_string}"},"query-input":{"@type":"PropertyValueSpecification","valueRequired":true,"valueName":"search_term_string"}}],"inLanguage":"fr-FR"}]}},"_links":{"self":[{"href":"https:\/\/loamics.com\/fr\/wp-json\/wp\/v2\/pages\/2310","targetHints":{"allow":["GET"]}}],"collection":[{"href":"https:\/\/loamics.com\/fr\/wp-json\/wp\/v2\/pages"}],"about":[{"href":"https:\/\/loamics.com\/fr\/wp-json\/wp\/v2\/types\/page"}],"author":[{"embeddable":true,"href":"https:\/\/loamics.com\/fr\/wp-json\/wp\/v2\/users\/7"}],"replies":[{"embeddable":true,"href":"https:\/\/loamics.com\/fr\/wp-json\/wp\/v2\/comments?post=2310"}],"version-history":[{"count":5,"href":"https:\/\/loamics.com\/fr\/wp-json\/wp\/v2\/pages\/2310\/revisions"}],"predecessor-version":[{"id":2883,"href":"https:\/\/loamics.com\/fr\/wp-json\/wp\/v2\/pages\/2310\/revisions\/2883"}],"wp:attachment":[{"href":"https:\/\/loamics.com\/fr\/wp-json\/wp\/v2\/media?parent=2310"}],"curies":[{"name":"wp","href":"https:\/\/api.w.org\/{rel}","templated":true}]}}