{"id":2313,"date":"2022-04-22T17:01:51","date_gmt":"2022-04-22T15:01:51","guid":{"rendered":"https:\/\/loamics.com\/industries\/big-data-analytics-for-oil-and-gas-copy\/"},"modified":"2022-06-21T14:27:30","modified_gmt":"2022-06-21T12:27:30","slug":"analyse-des-big-data-pour-petrole-et-gaz","status":"publish","type":"page","link":"https:\/\/loamics.com\/fr\/analyse-des-big-data-pour-petrole-et-gaz\/","title":{"rendered":"L&rsquo;analyse des big data pour le p\u00e9trole et le gaz"},"content":{"rendered":"<p><span data-contrast=\"auto\">L&rsquo;analyse des Big Data pour les activit\u00e9s p\u00e9troli\u00e8res et gazi\u00e8res est essentielle pour l&rsquo;ensemble du secteur. Elle apporte des avantages aux 3 niveaux d&rsquo;exploitation :<\/span><span data-ccp-props=\"{&quot;201341983&quot;:0,&quot;335559739&quot;:200,&quot;335559740&quot;:276}\">\u00a0<\/span><\/p>\n<p><span data-contrast=\"auto\">&#8211; En amont, elle cr\u00e9e des analyses d\u00e9taill\u00e9es qui facilitent l&rsquo;exploration, le d\u00e9veloppement et la production de p\u00e9trole et de gaz. Toutes les activit\u00e9s qui ajoutent de la valeur aux mati\u00e8res premi\u00e8res b\u00e9n\u00e9ficient du Big Data pour faciliter la vente et le transport.\u00a0<\/span><span data-ccp-props=\"{&quot;201341983&quot;:0,&quot;335559739&quot;:200,&quot;335559740&quot;:276}\">\u00a0<\/span><\/p>\n<p><span data-contrast=\"auto\">&#8211; L&rsquo;analyse du Big Data permet \u00e9galement de mieux superviser le raffinage.\u00a0<\/span><span data-ccp-props=\"{&quot;201341983&quot;:0,&quot;335559739&quot;:200,&quot;335559740&quot;:276}\">\u00a0<\/span><\/p>\n<p><span data-contrast=\"auto\">&#8211; Enfin, en aval des activit\u00e9s de l&rsquo;industrie O&amp;G, un outil comme <strong>LOAMICS-Suite totale<\/strong> dispose des bons modules qui permettent au secteur O&amp;G d&rsquo;optimiser sa distribution et son commerce de d\u00e9tail.<\/span><span data-ccp-props=\"{&quot;201341983&quot;:0,&quot;335559739&quot;:200,&quot;335559740&quot;:276}\">\u00a0<\/span><\/p>\n","protected":false},"excerpt":{"rendered":"<p>L&rsquo;analyse des Big Data pour les activit\u00e9s p\u00e9troli\u00e8res et gazi\u00e8res est essentielle pour l&rsquo;ensemble du secteur. Elle apporte des avantages aux 3 niveaux d&rsquo;exploitation :\u00a0 &#8211; En amont, elle cr\u00e9e des analyses d\u00e9taill\u00e9es qui facilitent l&rsquo;exploration, le d\u00e9veloppement et la production de p\u00e9trole et de gaz. Toutes les activit\u00e9s qui ajoutent de la valeur aux [&hellip;]<\/p>\n","protected":false},"author":7,"featured_media":0,"parent":0,"menu_order":0,"comment_status":"closed","ping_status":"closed","template":"template-flexible.php","meta":{"_acf_changed":false,"content-type":"","footnotes":""},"class_list":["post-2313","page","type-page","status-publish","hentry"],"acf":[],"yoast_head":"<!-- This site is optimized with the Yoast SEO plugin v27.3 - https:\/\/yoast.com\/product\/yoast-seo-wordpress\/ -->\n<title>L&#039;analyse des big data pour le p\u00e9trole et le gaz - Loamics<\/title>\n<meta name=\"description\" content=\"L\u2019analyse des donn\u00e9es pour l\u2019industrie du p\u00e9trole et du gaz est un levier de performance tout au long de l&#039;exploitation.\" \/>\n<meta name=\"robots\" content=\"index, follow, max-snippet:-1, max-image-preview:large, max-video-preview:-1\" \/>\n<link rel=\"canonical\" href=\"https:\/\/loamics.com\/fr\/analyse-des-big-data-pour-petrole-et-gaz\/\" \/>\n<meta property=\"og:locale\" content=\"fr_FR\" \/>\n<meta property=\"og:type\" content=\"article\" \/>\n<meta property=\"og:title\" content=\"L&#039;analyse des big data pour le p\u00e9trole et le gaz - Loamics\" \/>\n<meta property=\"og:description\" content=\"L\u2019analyse des donn\u00e9es pour l\u2019industrie du p\u00e9trole et du gaz est un levier de performance tout au long de l&#039;exploitation.\" \/>\n<meta property=\"og:url\" content=\"https:\/\/loamics.com\/fr\/analyse-des-big-data-pour-petrole-et-gaz\/\" \/>\n<meta property=\"og:site_name\" content=\"Loamics\" \/>\n<meta property=\"article:modified_time\" content=\"2022-06-21T12:27:30+00:00\" \/>\n<meta name=\"twitter:card\" content=\"summary_large_image\" \/>\n<meta name=\"twitter:label1\" content=\"Dur\u00e9e de lecture estim\u00e9e\" \/>\n\t<meta name=\"twitter:data1\" content=\"1 minute\" \/>\n<script type=\"application\/ld+json\" class=\"yoast-schema-graph\">{\"@context\":\"https:\\\/\\\/schema.org\",\"@graph\":[{\"@type\":\"WebPage\",\"@id\":\"https:\\\/\\\/loamics.com\\\/fr\\\/analyse-des-big-data-pour-petrole-et-gaz\\\/\",\"url\":\"https:\\\/\\\/loamics.com\\\/fr\\\/analyse-des-big-data-pour-petrole-et-gaz\\\/\",\"name\":\"L'analyse des big data pour le p\u00e9trole et le gaz - Loamics\",\"isPartOf\":{\"@id\":\"https:\\\/\\\/loamics.com\\\/fr\\\/#website\"},\"datePublished\":\"2022-04-22T15:01:51+00:00\",\"dateModified\":\"2022-06-21T12:27:30+00:00\",\"description\":\"L\u2019analyse des donn\u00e9es pour l\u2019industrie du p\u00e9trole et du gaz est un levier de performance tout au long de l'exploitation.\",\"inLanguage\":\"fr-FR\",\"potentialAction\":[{\"@type\":\"ReadAction\",\"target\":[\"https:\\\/\\\/loamics.com\\\/fr\\\/analyse-des-big-data-pour-petrole-et-gaz\\\/\"]}]},{\"@type\":\"WebSite\",\"@id\":\"https:\\\/\\\/loamics.com\\\/fr\\\/#website\",\"url\":\"https:\\\/\\\/loamics.com\\\/fr\\\/\",\"name\":\"Loamics\",\"description\":\"Serving humanking through data\",\"potentialAction\":[{\"@type\":\"SearchAction\",\"target\":{\"@type\":\"EntryPoint\",\"urlTemplate\":\"https:\\\/\\\/loamics.com\\\/fr\\\/?s={search_term_string}\"},\"query-input\":{\"@type\":\"PropertyValueSpecification\",\"valueRequired\":true,\"valueName\":\"search_term_string\"}}],\"inLanguage\":\"fr-FR\"}]}<\/script>\n<!-- \/ Yoast SEO plugin. -->","yoast_head_json":{"title":"L'analyse des big data pour le p\u00e9trole et le gaz - Loamics","description":"L\u2019analyse des donn\u00e9es pour l\u2019industrie du p\u00e9trole et du gaz est un levier de performance tout au long de l'exploitation.","robots":{"index":"index","follow":"follow","max-snippet":"max-snippet:-1","max-image-preview":"max-image-preview:large","max-video-preview":"max-video-preview:-1"},"canonical":"https:\/\/loamics.com\/fr\/analyse-des-big-data-pour-petrole-et-gaz\/","og_locale":"fr_FR","og_type":"article","og_title":"L'analyse des big data pour le p\u00e9trole et le gaz - Loamics","og_description":"L\u2019analyse des donn\u00e9es pour l\u2019industrie du p\u00e9trole et du gaz est un levier de performance tout au long de l'exploitation.","og_url":"https:\/\/loamics.com\/fr\/analyse-des-big-data-pour-petrole-et-gaz\/","og_site_name":"Loamics","article_modified_time":"2022-06-21T12:27:30+00:00","twitter_card":"summary_large_image","twitter_misc":{"Dur\u00e9e de lecture estim\u00e9e":"1 minute"},"schema":{"@context":"https:\/\/schema.org","@graph":[{"@type":"WebPage","@id":"https:\/\/loamics.com\/fr\/analyse-des-big-data-pour-petrole-et-gaz\/","url":"https:\/\/loamics.com\/fr\/analyse-des-big-data-pour-petrole-et-gaz\/","name":"L'analyse des big data pour le p\u00e9trole et le gaz - Loamics","isPartOf":{"@id":"https:\/\/loamics.com\/fr\/#website"},"datePublished":"2022-04-22T15:01:51+00:00","dateModified":"2022-06-21T12:27:30+00:00","description":"L\u2019analyse des donn\u00e9es pour l\u2019industrie du p\u00e9trole et du gaz est un levier de performance tout au long de l'exploitation.","inLanguage":"fr-FR","potentialAction":[{"@type":"ReadAction","target":["https:\/\/loamics.com\/fr\/analyse-des-big-data-pour-petrole-et-gaz\/"]}]},{"@type":"WebSite","@id":"https:\/\/loamics.com\/fr\/#website","url":"https:\/\/loamics.com\/fr\/","name":"Loamics","description":"Serving humanking through data","potentialAction":[{"@type":"SearchAction","target":{"@type":"EntryPoint","urlTemplate":"https:\/\/loamics.com\/fr\/?s={search_term_string}"},"query-input":{"@type":"PropertyValueSpecification","valueRequired":true,"valueName":"search_term_string"}}],"inLanguage":"fr-FR"}]}},"_links":{"self":[{"href":"https:\/\/loamics.com\/fr\/wp-json\/wp\/v2\/pages\/2313","targetHints":{"allow":["GET"]}}],"collection":[{"href":"https:\/\/loamics.com\/fr\/wp-json\/wp\/v2\/pages"}],"about":[{"href":"https:\/\/loamics.com\/fr\/wp-json\/wp\/v2\/types\/page"}],"author":[{"embeddable":true,"href":"https:\/\/loamics.com\/fr\/wp-json\/wp\/v2\/users\/7"}],"replies":[{"embeddable":true,"href":"https:\/\/loamics.com\/fr\/wp-json\/wp\/v2\/comments?post=2313"}],"version-history":[{"count":5,"href":"https:\/\/loamics.com\/fr\/wp-json\/wp\/v2\/pages\/2313\/revisions"}],"predecessor-version":[{"id":2885,"href":"https:\/\/loamics.com\/fr\/wp-json\/wp\/v2\/pages\/2313\/revisions\/2885"}],"wp:attachment":[{"href":"https:\/\/loamics.com\/fr\/wp-json\/wp\/v2\/media?parent=2313"}],"curies":[{"name":"wp","href":"https:\/\/api.w.org\/{rel}","templated":true}]}}