{"id":2337,"date":"2022-04-26T13:00:53","date_gmt":"2022-04-26T11:00:53","guid":{"rendered":"https:\/\/loamics.com\/analyse-des-donnees-des-telecommunications-copy\/"},"modified":"2022-06-07T17:19:52","modified_gmt":"2022-06-07T15:19:52","slug":"analyse-des-donnees-des-telecommunications","status":"publish","type":"page","link":"https:\/\/loamics.com\/fr\/analyse-des-donnees-des-telecommunications\/","title":{"rendered":"Analyse des donn\u00e9es des t\u00e9l\u00e9communications"},"content":{"rendered":"<p>S&rsquo;il est un domaine d&rsquo;activit\u00e9 professionnelle o\u00f9 l&rsquo;analyse des donn\u00e9es est utilis\u00e9e \u00e0 son plein potentiel, c&rsquo;est bien celui des <strong>t\u00e9l\u00e9communications<\/strong>. L&rsquo;analyse de donn\u00e9es t\u00e9l\u00e9com fait partie int\u00e9grante des outils de l&rsquo;op\u00e9rateur t\u00e9l\u00e9com pour am\u00e9liorer l&rsquo;<strong>exp\u00e9rience client<\/strong>. En effet, en raison de la nature \u00e9minemment num\u00e9rique des <strong>r\u00e9seaux t\u00e9l\u00e9coms<\/strong> actuels, les solutions de <strong>science des donn\u00e9es<\/strong> et leurs outils sont pleinement int\u00e9gr\u00e9s aux infrastructures. Si vous \u00eates un op\u00e9rateur t\u00e9l\u00e9com, vous pouvez b\u00e9n\u00e9ficier grandement des capacit\u00e9s offertes par <strong>LOAMICS-Suite<\/strong> et ses 3 modules. Ils s&rsquo;int\u00e8grent de mani\u00e8re transparente \u00e0 votre r\u00e9seau pour capturer les donn\u00e9es et les convertir en informations complexes. Votre<strong> data scientist<\/strong> peut vous aider \u00e0 prendre des <strong>d\u00e9cisions<\/strong> qui ont un <strong>impact positif<\/strong> sur votre <strong>mod\u00e8le \u00e9conomique<\/strong>.<\/p>\n","protected":false},"excerpt":{"rendered":"<p>S&rsquo;il est un domaine d&rsquo;activit\u00e9 professionnelle o\u00f9 l&rsquo;analyse des donn\u00e9es est utilis\u00e9e \u00e0 son plein potentiel, c&rsquo;est bien celui des t\u00e9l\u00e9communications. L&rsquo;analyse de donn\u00e9es t\u00e9l\u00e9com fait partie int\u00e9grante des outils de l&rsquo;op\u00e9rateur t\u00e9l\u00e9com pour am\u00e9liorer l&rsquo;exp\u00e9rience client. En effet, en raison de la nature \u00e9minemment num\u00e9rique des r\u00e9seaux t\u00e9l\u00e9coms actuels, les solutions de science des [&hellip;]<\/p>\n","protected":false},"author":7,"featured_media":0,"parent":0,"menu_order":0,"comment_status":"closed","ping_status":"closed","template":"template-flexible.php","meta":{"_acf_changed":false,"content-type":"","footnotes":""},"class_list":["post-2337","page","type-page","status-publish","hentry"],"acf":[],"yoast_head":"<!-- This site is optimized with the Yoast SEO plugin v27.3 - https:\/\/yoast.com\/product\/yoast-seo-wordpress\/ -->\n<title>Analyse des donn\u00e9es des t\u00e9l\u00e9communications - Loamics<\/title>\n<meta name=\"description\" content=\"Les cas de science des donn\u00e9es pour l&#039;analyse des t\u00e9l\u00e9communications sont nombreux, le secteur g\u00e9n\u00e9rant constamment des donn\u00e9es.\" \/>\n<meta name=\"robots\" content=\"index, follow, max-snippet:-1, max-image-preview:large, max-video-preview:-1\" \/>\n<link rel=\"canonical\" href=\"https:\/\/loamics.com\/fr\/analyse-des-donnees-des-telecommunications\/\" \/>\n<meta property=\"og:locale\" content=\"fr_FR\" \/>\n<meta property=\"og:type\" content=\"article\" \/>\n<meta property=\"og:title\" content=\"Analyse des donn\u00e9es des t\u00e9l\u00e9communications - Loamics\" \/>\n<meta property=\"og:description\" content=\"Les cas de science des donn\u00e9es pour l&#039;analyse des t\u00e9l\u00e9communications sont nombreux, le secteur g\u00e9n\u00e9rant constamment des donn\u00e9es.\" \/>\n<meta property=\"og:url\" content=\"https:\/\/loamics.com\/fr\/analyse-des-donnees-des-telecommunications\/\" \/>\n<meta property=\"og:site_name\" content=\"Loamics\" \/>\n<meta property=\"article:modified_time\" content=\"2022-06-07T15:19:52+00:00\" \/>\n<meta name=\"twitter:card\" content=\"summary_large_image\" \/>\n<meta name=\"twitter:label1\" content=\"Dur\u00e9e de lecture estim\u00e9e\" \/>\n\t<meta name=\"twitter:data1\" content=\"1 minute\" \/>\n<script type=\"application\/ld+json\" class=\"yoast-schema-graph\">{\"@context\":\"https:\\\/\\\/schema.org\",\"@graph\":[{\"@type\":\"WebPage\",\"@id\":\"https:\\\/\\\/loamics.com\\\/fr\\\/analyse-des-donnees-des-telecommunications\\\/\",\"url\":\"https:\\\/\\\/loamics.com\\\/fr\\\/analyse-des-donnees-des-telecommunications\\\/\",\"name\":\"Analyse des donn\u00e9es des t\u00e9l\u00e9communications - Loamics\",\"isPartOf\":{\"@id\":\"https:\\\/\\\/loamics.com\\\/fr\\\/#website\"},\"datePublished\":\"2022-04-26T11:00:53+00:00\",\"dateModified\":\"2022-06-07T15:19:52+00:00\",\"description\":\"Les cas de science des donn\u00e9es pour l'analyse des t\u00e9l\u00e9communications sont nombreux, le secteur g\u00e9n\u00e9rant constamment des donn\u00e9es.\",\"inLanguage\":\"fr-FR\",\"potentialAction\":[{\"@type\":\"ReadAction\",\"target\":[\"https:\\\/\\\/loamics.com\\\/fr\\\/analyse-des-donnees-des-telecommunications\\\/\"]}]},{\"@type\":\"WebSite\",\"@id\":\"https:\\\/\\\/loamics.com\\\/fr\\\/#website\",\"url\":\"https:\\\/\\\/loamics.com\\\/fr\\\/\",\"name\":\"Loamics\",\"description\":\"Serving humanking through data\",\"potentialAction\":[{\"@type\":\"SearchAction\",\"target\":{\"@type\":\"EntryPoint\",\"urlTemplate\":\"https:\\\/\\\/loamics.com\\\/fr\\\/?s={search_term_string}\"},\"query-input\":{\"@type\":\"PropertyValueSpecification\",\"valueRequired\":true,\"valueName\":\"search_term_string\"}}],\"inLanguage\":\"fr-FR\"}]}<\/script>\n<!-- \/ Yoast SEO plugin. -->","yoast_head_json":{"title":"Analyse des donn\u00e9es des t\u00e9l\u00e9communications - Loamics","description":"Les cas de science des donn\u00e9es pour l'analyse des t\u00e9l\u00e9communications sont nombreux, le secteur g\u00e9n\u00e9rant constamment des donn\u00e9es.","robots":{"index":"index","follow":"follow","max-snippet":"max-snippet:-1","max-image-preview":"max-image-preview:large","max-video-preview":"max-video-preview:-1"},"canonical":"https:\/\/loamics.com\/fr\/analyse-des-donnees-des-telecommunications\/","og_locale":"fr_FR","og_type":"article","og_title":"Analyse des donn\u00e9es des t\u00e9l\u00e9communications - Loamics","og_description":"Les cas de science des donn\u00e9es pour l'analyse des t\u00e9l\u00e9communications sont nombreux, le secteur g\u00e9n\u00e9rant constamment des donn\u00e9es.","og_url":"https:\/\/loamics.com\/fr\/analyse-des-donnees-des-telecommunications\/","og_site_name":"Loamics","article_modified_time":"2022-06-07T15:19:52+00:00","twitter_card":"summary_large_image","twitter_misc":{"Dur\u00e9e de lecture estim\u00e9e":"1 minute"},"schema":{"@context":"https:\/\/schema.org","@graph":[{"@type":"WebPage","@id":"https:\/\/loamics.com\/fr\/analyse-des-donnees-des-telecommunications\/","url":"https:\/\/loamics.com\/fr\/analyse-des-donnees-des-telecommunications\/","name":"Analyse des donn\u00e9es des t\u00e9l\u00e9communications - Loamics","isPartOf":{"@id":"https:\/\/loamics.com\/fr\/#website"},"datePublished":"2022-04-26T11:00:53+00:00","dateModified":"2022-06-07T15:19:52+00:00","description":"Les cas de science des donn\u00e9es pour l'analyse des t\u00e9l\u00e9communications sont nombreux, le secteur g\u00e9n\u00e9rant constamment des donn\u00e9es.","inLanguage":"fr-FR","potentialAction":[{"@type":"ReadAction","target":["https:\/\/loamics.com\/fr\/analyse-des-donnees-des-telecommunications\/"]}]},{"@type":"WebSite","@id":"https:\/\/loamics.com\/fr\/#website","url":"https:\/\/loamics.com\/fr\/","name":"Loamics","description":"Serving humanking through data","potentialAction":[{"@type":"SearchAction","target":{"@type":"EntryPoint","urlTemplate":"https:\/\/loamics.com\/fr\/?s={search_term_string}"},"query-input":{"@type":"PropertyValueSpecification","valueRequired":true,"valueName":"search_term_string"}}],"inLanguage":"fr-FR"}]}},"_links":{"self":[{"href":"https:\/\/loamics.com\/fr\/wp-json\/wp\/v2\/pages\/2337","targetHints":{"allow":["GET"]}}],"collection":[{"href":"https:\/\/loamics.com\/fr\/wp-json\/wp\/v2\/pages"}],"about":[{"href":"https:\/\/loamics.com\/fr\/wp-json\/wp\/v2\/types\/page"}],"author":[{"embeddable":true,"href":"https:\/\/loamics.com\/fr\/wp-json\/wp\/v2\/users\/7"}],"replies":[{"embeddable":true,"href":"https:\/\/loamics.com\/fr\/wp-json\/wp\/v2\/comments?post=2337"}],"version-history":[{"count":5,"href":"https:\/\/loamics.com\/fr\/wp-json\/wp\/v2\/pages\/2337\/revisions"}],"predecessor-version":[{"id":2826,"href":"https:\/\/loamics.com\/fr\/wp-json\/wp\/v2\/pages\/2337\/revisions\/2826"}],"wp:attachment":[{"href":"https:\/\/loamics.com\/fr\/wp-json\/wp\/v2\/media?parent=2337"}],"curies":[{"name":"wp","href":"https:\/\/api.w.org\/{rel}","templated":true}]}}