{"id":2373,"date":"2022-04-27T14:30:28","date_gmt":"2022-04-27T12:30:28","guid":{"rendered":"https:\/\/loamics.com\/home-copy\/"},"modified":"2024-09-27T15:10:27","modified_gmt":"2024-09-27T13:10:27","slug":"home","status":"publish","type":"page","link":"https:\/\/loamics.com\/fr\/","title":{"rendered":"HomePage"},"content":{"rendered":"<h2>La data au service de l&rsquo;humain<\/h2>\n<p><a class=\"c-btn\" href=\"#section3\">Voir la vid\u00e9o<\/a><\/p>\n","protected":false},"excerpt":{"rendered":"<p>La data au service de l&rsquo;humain Voir la vid\u00e9o<\/p>\n","protected":false},"author":7,"featured_media":0,"parent":0,"menu_order":0,"comment_status":"closed","ping_status":"closed","template":"template-flexible.php","meta":{"_acf_changed":false,"content-type":"","footnotes":""},"class_list":["post-2373","page","type-page","status-publish","hentry"],"acf":[],"yoast_head":"<!-- This site is optimized with the Yoast SEO plugin v27.3 - https:\/\/yoast.com\/product\/yoast-seo-wordpress\/ -->\n<title>HomePage - Loamics<\/title>\n<meta name=\"description\" content=\"La plateforme Loamics valorise les donn\u00e9es h\u00e9t\u00e9rog\u00e8nes, les rend intelligentes et fiables, pour faciliter la prise de d\u00e9cisions.\" \/>\n<meta name=\"robots\" content=\"index, follow, max-snippet:-1, max-image-preview:large, max-video-preview:-1\" \/>\n<link rel=\"canonical\" href=\"https:\/\/loamics.com\/fr\/\" \/>\n<meta property=\"og:locale\" content=\"fr_FR\" \/>\n<meta property=\"og:type\" content=\"article\" \/>\n<meta property=\"og:title\" content=\"HomePage - Loamics\" \/>\n<meta property=\"og:description\" content=\"La plateforme Loamics valorise les donn\u00e9es h\u00e9t\u00e9rog\u00e8nes, les rend intelligentes et fiables, pour faciliter la prise de d\u00e9cisions.\" \/>\n<meta property=\"og:url\" content=\"https:\/\/loamics.com\/fr\/\" \/>\n<meta property=\"og:site_name\" content=\"Loamics\" \/>\n<meta property=\"article:modified_time\" content=\"2024-09-27T13:10:27+00:00\" \/>\n<meta name=\"twitter:card\" content=\"summary_large_image\" \/>\n<meta name=\"twitter:label1\" content=\"Dur\u00e9e de lecture estim\u00e9e\" \/>\n\t<meta name=\"twitter:data1\" content=\"1 minute\" \/>\n<script type=\"application\/ld+json\" class=\"yoast-schema-graph\">{\"@context\":\"https:\\\/\\\/schema.org\",\"@graph\":[{\"@type\":\"WebPage\",\"@id\":\"https:\\\/\\\/loamics.com\\\/fr\\\/\",\"url\":\"https:\\\/\\\/loamics.com\\\/fr\\\/\",\"name\":\"HomePage - Loamics\",\"isPartOf\":{\"@id\":\"https:\\\/\\\/loamics.com\\\/fr\\\/#website\"},\"datePublished\":\"2022-04-27T12:30:28+00:00\",\"dateModified\":\"2024-09-27T13:10:27+00:00\",\"description\":\"La plateforme Loamics valorise les donn\u00e9es h\u00e9t\u00e9rog\u00e8nes, les rend intelligentes et fiables, pour faciliter la prise de d\u00e9cisions.\",\"inLanguage\":\"fr-FR\",\"potentialAction\":[{\"@type\":\"ReadAction\",\"target\":[\"https:\\\/\\\/loamics.com\\\/fr\\\/\"]}]},{\"@type\":\"WebSite\",\"@id\":\"https:\\\/\\\/loamics.com\\\/fr\\\/#website\",\"url\":\"https:\\\/\\\/loamics.com\\\/fr\\\/\",\"name\":\"Loamics\",\"description\":\"Serving humanking through data\",\"potentialAction\":[{\"@type\":\"SearchAction\",\"target\":{\"@type\":\"EntryPoint\",\"urlTemplate\":\"https:\\\/\\\/loamics.com\\\/fr\\\/?s={search_term_string}\"},\"query-input\":{\"@type\":\"PropertyValueSpecification\",\"valueRequired\":true,\"valueName\":\"search_term_string\"}}],\"inLanguage\":\"fr-FR\"}]}<\/script>\n<!-- \/ Yoast SEO plugin. -->","yoast_head_json":{"title":"HomePage - Loamics","description":"La plateforme Loamics valorise les donn\u00e9es h\u00e9t\u00e9rog\u00e8nes, les rend intelligentes et fiables, pour faciliter la prise de d\u00e9cisions.","robots":{"index":"index","follow":"follow","max-snippet":"max-snippet:-1","max-image-preview":"max-image-preview:large","max-video-preview":"max-video-preview:-1"},"canonical":"https:\/\/loamics.com\/fr\/","og_locale":"fr_FR","og_type":"article","og_title":"HomePage - Loamics","og_description":"La plateforme Loamics valorise les donn\u00e9es h\u00e9t\u00e9rog\u00e8nes, les rend intelligentes et fiables, pour faciliter la prise de d\u00e9cisions.","og_url":"https:\/\/loamics.com\/fr\/","og_site_name":"Loamics","article_modified_time":"2024-09-27T13:10:27+00:00","twitter_card":"summary_large_image","twitter_misc":{"Dur\u00e9e de lecture estim\u00e9e":"1 minute"},"schema":{"@context":"https:\/\/schema.org","@graph":[{"@type":"WebPage","@id":"https:\/\/loamics.com\/fr\/","url":"https:\/\/loamics.com\/fr\/","name":"HomePage - Loamics","isPartOf":{"@id":"https:\/\/loamics.com\/fr\/#website"},"datePublished":"2022-04-27T12:30:28+00:00","dateModified":"2024-09-27T13:10:27+00:00","description":"La plateforme Loamics valorise les donn\u00e9es h\u00e9t\u00e9rog\u00e8nes, les rend intelligentes et fiables, pour faciliter la prise de d\u00e9cisions.","inLanguage":"fr-FR","potentialAction":[{"@type":"ReadAction","target":["https:\/\/loamics.com\/fr\/"]}]},{"@type":"WebSite","@id":"https:\/\/loamics.com\/fr\/#website","url":"https:\/\/loamics.com\/fr\/","name":"Loamics","description":"Serving humanking through data","potentialAction":[{"@type":"SearchAction","target":{"@type":"EntryPoint","urlTemplate":"https:\/\/loamics.com\/fr\/?s={search_term_string}"},"query-input":{"@type":"PropertyValueSpecification","valueRequired":true,"valueName":"search_term_string"}}],"inLanguage":"fr-FR"}]}},"_links":{"self":[{"href":"https:\/\/loamics.com\/fr\/wp-json\/wp\/v2\/pages\/2373","targetHints":{"allow":["GET"]}}],"collection":[{"href":"https:\/\/loamics.com\/fr\/wp-json\/wp\/v2\/pages"}],"about":[{"href":"https:\/\/loamics.com\/fr\/wp-json\/wp\/v2\/types\/page"}],"author":[{"embeddable":true,"href":"https:\/\/loamics.com\/fr\/wp-json\/wp\/v2\/users\/7"}],"replies":[{"embeddable":true,"href":"https:\/\/loamics.com\/fr\/wp-json\/wp\/v2\/comments?post=2373"}],"version-history":[{"count":7,"href":"https:\/\/loamics.com\/fr\/wp-json\/wp\/v2\/pages\/2373\/revisions"}],"predecessor-version":[{"id":2970,"href":"https:\/\/loamics.com\/fr\/wp-json\/wp\/v2\/pages\/2373\/revisions\/2970"}],"wp:attachment":[{"href":"https:\/\/loamics.com\/fr\/wp-json\/wp\/v2\/media?parent=2373"}],"curies":[{"name":"wp","href":"https:\/\/api.w.org\/{rel}","templated":true}]}}