{"id":2599,"date":"2022-04-27T16:05:01","date_gmt":"2022-04-27T14:05:01","guid":{"rendered":"https:\/\/loamics.com\/?page_id=2599"},"modified":"2024-09-18T09:14:53","modified_gmt":"2024-09-18T07:14:53","slug":"qui-sommes-nous","status":"publish","type":"page","link":"https:\/\/loamics.com\/fr\/qui-sommes-nous\/","title":{"rendered":"Qui sommes-nous ?"},"content":{"rendered":"<p>Avec Loamics, tirez le meilleur parti de vos donn\u00e9es. Loamics est votre solution pour tous les d\u00e9fis li\u00e9s aux donn\u00e9es. Nous sommes un \u00e9diteur de logiciels, \u00e9diteur d&rsquo;une nouvelle g\u00e9n\u00e9ration de middleware de Master Data Management qui est une infrastructure disruptive qui automatise et industrialise la pr\u00e9paration et le traitement des donn\u00e9es.<\/p>\n","protected":false},"excerpt":{"rendered":"<p>Avec Loamics, tirez le meilleur parti de vos donn\u00e9es. Loamics est votre solution pour tous les d\u00e9fis li\u00e9s aux donn\u00e9es. Nous sommes un \u00e9diteur de logiciels, \u00e9diteur d&rsquo;une nouvelle g\u00e9n\u00e9ration de middleware de Master Data Management qui est une infrastructure disruptive qui automatise et industrialise la pr\u00e9paration et le traitement des donn\u00e9es.<\/p>\n","protected":false},"author":7,"featured_media":0,"parent":0,"menu_order":0,"comment_status":"closed","ping_status":"closed","template":"template-flexible.php","meta":{"_acf_changed":false,"content-type":"","footnotes":""},"class_list":["post-2599","page","type-page","status-publish","hentry"],"acf":[],"yoast_head":"<!-- This site is optimized with the Yoast SEO plugin v27.3 - https:\/\/yoast.com\/product\/yoast-seo-wordpress\/ -->\n<title>Qui sommes-nous ? - Loamics<\/title>\n<meta name=\"description\" content=\"Avec Loamics, tirez le meilleur parti de vos donn\u00e9es. Loamics est votre solution pour tous les d\u00e9fis li\u00e9s aux donn\u00e9es. Nous sommes un \u00e9diteur de logiciels, \u00e9diteur d&#039;une nouvelle g\u00e9n\u00e9ration de middleware de Master Data Management qui est une infrastructure disruptive qui automatise et industrialise la pr\u00e9paration et le traitement des donn\u00e9es.\" \/>\n<meta name=\"robots\" content=\"index, follow, max-snippet:-1, max-image-preview:large, max-video-preview:-1\" \/>\n<link rel=\"canonical\" href=\"https:\/\/loamics.com\/fr\/qui-sommes-nous\/\" \/>\n<meta property=\"og:locale\" content=\"fr_FR\" \/>\n<meta property=\"og:type\" content=\"article\" \/>\n<meta property=\"og:title\" content=\"Qui sommes-nous ? - Loamics\" \/>\n<meta property=\"og:description\" content=\"Avec Loamics, tirez le meilleur parti de vos donn\u00e9es. Loamics est votre solution pour tous les d\u00e9fis li\u00e9s aux donn\u00e9es. Nous sommes un \u00e9diteur de logiciels, \u00e9diteur d&#039;une nouvelle g\u00e9n\u00e9ration de middleware de Master Data Management qui est une infrastructure disruptive qui automatise et industrialise la pr\u00e9paration et le traitement des donn\u00e9es.\" \/>\n<meta property=\"og:url\" content=\"https:\/\/loamics.com\/fr\/qui-sommes-nous\/\" \/>\n<meta property=\"og:site_name\" content=\"Loamics\" \/>\n<meta property=\"article:modified_time\" content=\"2024-09-18T07:14:53+00:00\" \/>\n<meta name=\"twitter:card\" content=\"summary_large_image\" \/>\n<meta name=\"twitter:label1\" content=\"Dur\u00e9e de lecture estim\u00e9e\" \/>\n\t<meta name=\"twitter:data1\" content=\"1 minute\" \/>\n<script type=\"application\/ld+json\" class=\"yoast-schema-graph\">{\"@context\":\"https:\\\/\\\/schema.org\",\"@graph\":[{\"@type\":\"WebPage\",\"@id\":\"https:\\\/\\\/loamics.com\\\/fr\\\/qui-sommes-nous\\\/\",\"url\":\"https:\\\/\\\/loamics.com\\\/fr\\\/qui-sommes-nous\\\/\",\"name\":\"Qui sommes-nous ? - Loamics\",\"isPartOf\":{\"@id\":\"https:\\\/\\\/loamics.com\\\/fr\\\/#website\"},\"datePublished\":\"2022-04-27T14:05:01+00:00\",\"dateModified\":\"2024-09-18T07:14:53+00:00\",\"description\":\"Avec Loamics, tirez le meilleur parti de vos donn\u00e9es. Loamics est votre solution pour tous les d\u00e9fis li\u00e9s aux donn\u00e9es. Nous sommes un \u00e9diteur de logiciels, \u00e9diteur d'une nouvelle g\u00e9n\u00e9ration de middleware de Master Data Management qui est une infrastructure disruptive qui automatise et industrialise la pr\u00e9paration et le traitement des donn\u00e9es.\",\"inLanguage\":\"fr-FR\",\"potentialAction\":[{\"@type\":\"ReadAction\",\"target\":[\"https:\\\/\\\/loamics.com\\\/fr\\\/qui-sommes-nous\\\/\"]}]},{\"@type\":\"WebSite\",\"@id\":\"https:\\\/\\\/loamics.com\\\/fr\\\/#website\",\"url\":\"https:\\\/\\\/loamics.com\\\/fr\\\/\",\"name\":\"Loamics\",\"description\":\"Serving humanking through data\",\"potentialAction\":[{\"@type\":\"SearchAction\",\"target\":{\"@type\":\"EntryPoint\",\"urlTemplate\":\"https:\\\/\\\/loamics.com\\\/fr\\\/?s={search_term_string}\"},\"query-input\":{\"@type\":\"PropertyValueSpecification\",\"valueRequired\":true,\"valueName\":\"search_term_string\"}}],\"inLanguage\":\"fr-FR\"}]}<\/script>\n<!-- \/ Yoast SEO plugin. -->","yoast_head_json":{"title":"Qui sommes-nous ? - Loamics","description":"Avec Loamics, tirez le meilleur parti de vos donn\u00e9es. Loamics est votre solution pour tous les d\u00e9fis li\u00e9s aux donn\u00e9es. Nous sommes un \u00e9diteur de logiciels, \u00e9diteur d'une nouvelle g\u00e9n\u00e9ration de middleware de Master Data Management qui est une infrastructure disruptive qui automatise et industrialise la pr\u00e9paration et le traitement des donn\u00e9es.","robots":{"index":"index","follow":"follow","max-snippet":"max-snippet:-1","max-image-preview":"max-image-preview:large","max-video-preview":"max-video-preview:-1"},"canonical":"https:\/\/loamics.com\/fr\/qui-sommes-nous\/","og_locale":"fr_FR","og_type":"article","og_title":"Qui sommes-nous ? - Loamics","og_description":"Avec Loamics, tirez le meilleur parti de vos donn\u00e9es. Loamics est votre solution pour tous les d\u00e9fis li\u00e9s aux donn\u00e9es. Nous sommes un \u00e9diteur de logiciels, \u00e9diteur d'une nouvelle g\u00e9n\u00e9ration de middleware de Master Data Management qui est une infrastructure disruptive qui automatise et industrialise la pr\u00e9paration et le traitement des donn\u00e9es.","og_url":"https:\/\/loamics.com\/fr\/qui-sommes-nous\/","og_site_name":"Loamics","article_modified_time":"2024-09-18T07:14:53+00:00","twitter_card":"summary_large_image","twitter_misc":{"Dur\u00e9e de lecture estim\u00e9e":"1 minute"},"schema":{"@context":"https:\/\/schema.org","@graph":[{"@type":"WebPage","@id":"https:\/\/loamics.com\/fr\/qui-sommes-nous\/","url":"https:\/\/loamics.com\/fr\/qui-sommes-nous\/","name":"Qui sommes-nous ? - Loamics","isPartOf":{"@id":"https:\/\/loamics.com\/fr\/#website"},"datePublished":"2022-04-27T14:05:01+00:00","dateModified":"2024-09-18T07:14:53+00:00","description":"Avec Loamics, tirez le meilleur parti de vos donn\u00e9es. Loamics est votre solution pour tous les d\u00e9fis li\u00e9s aux donn\u00e9es. Nous sommes un \u00e9diteur de logiciels, \u00e9diteur d'une nouvelle g\u00e9n\u00e9ration de middleware de Master Data Management qui est une infrastructure disruptive qui automatise et industrialise la pr\u00e9paration et le traitement des donn\u00e9es.","inLanguage":"fr-FR","potentialAction":[{"@type":"ReadAction","target":["https:\/\/loamics.com\/fr\/qui-sommes-nous\/"]}]},{"@type":"WebSite","@id":"https:\/\/loamics.com\/fr\/#website","url":"https:\/\/loamics.com\/fr\/","name":"Loamics","description":"Serving humanking through data","potentialAction":[{"@type":"SearchAction","target":{"@type":"EntryPoint","urlTemplate":"https:\/\/loamics.com\/fr\/?s={search_term_string}"},"query-input":{"@type":"PropertyValueSpecification","valueRequired":true,"valueName":"search_term_string"}}],"inLanguage":"fr-FR"}]}},"_links":{"self":[{"href":"https:\/\/loamics.com\/fr\/wp-json\/wp\/v2\/pages\/2599","targetHints":{"allow":["GET"]}}],"collection":[{"href":"https:\/\/loamics.com\/fr\/wp-json\/wp\/v2\/pages"}],"about":[{"href":"https:\/\/loamics.com\/fr\/wp-json\/wp\/v2\/types\/page"}],"author":[{"embeddable":true,"href":"https:\/\/loamics.com\/fr\/wp-json\/wp\/v2\/users\/7"}],"replies":[{"embeddable":true,"href":"https:\/\/loamics.com\/fr\/wp-json\/wp\/v2\/comments?post=2599"}],"version-history":[{"count":5,"href":"https:\/\/loamics.com\/fr\/wp-json\/wp\/v2\/pages\/2599\/revisions"}],"predecessor-version":[{"id":2957,"href":"https:\/\/loamics.com\/fr\/wp-json\/wp\/v2\/pages\/2599\/revisions\/2957"}],"wp:attachment":[{"href":"https:\/\/loamics.com\/fr\/wp-json\/wp\/v2\/media?parent=2599"}],"curies":[{"name":"wp","href":"https:\/\/api.w.org\/{rel}","templated":true}]}}